{"id":3104,"date":"2019-11-13T17:00:36","date_gmt":"2019-11-13T15:00:36","guid":{"rendered":"https:\/\/vwlzlsw11gw.c.updraftclone.com\/bauhaus-center-tel-aviv-israel\/"},"modified":"2022-11-21T12:09:06","modified_gmt":"2022-11-21T10:09:06","slug":"bauhaus-center-tel-aviv-israel","status":"publish","type":"page","link":"https:\/\/bauhaus-center.com\/de\/","title":{"rendered":"Bauhaus Center Tel Aviv, Israel"},"content":{"rendered":"<section class=\"wpb-content-wrapper\"><p>[vc_row][vc_column offset=&#8220;vc_hidden-lg vc_hidden-md vc_hidden-sm&#8220;][vc_row_inner][vc_column_inner width=&#8220;1\/2&#8243;][vc_column_text]<strong>ADRESSE<\/strong><br \/>\n<span style=\"float: left; clear: both;\">Dizengoff Strasse\u00a0 <\/span><span style=\"float: right;\">(+972)3-522-0249<\/span> 77<br \/>\n<span style=\"float: left; clear: both;\">Tel Aviv<\/span><span style=\"float: right;\"><a title=\"Bauhaus Center Tel Aviv Email Address\" href=\"mailto:info@bauhaus-center.com?subject=Inquiry%20from%20website\">info@bauhaus-center.com<\/a><\/span>[\/vc_column_text][\/vc_column_inner][vc_column_inner width=&#8220;1\/2&#8243;][vc_column_text]<strong>\u00d6FFNUNGSZEITEN<\/strong><br \/>\n<span style=\"float: left; clear: both;\">Sonntag\u2013Donnerstag<\/span><span style=\"float: right;\">10:00 &#8211; 20:00<\/span><br \/>\n<span style=\"float: left; clear: both;\">Freitag<\/span><span style=\"float: right;\">10:00 &#8211; 15:00<\/span><br \/>\n<span style=\"float: left; clear: both;\">Samstag<\/span><span style=\"float: right;\">Geschlossen<\/span><br \/>\n<span style=\"float: left; clear: both;\">Feiertage<\/span><span style=\"float: right;\"><a href=\"\/contact-location\/\">Kontaktieren Sie uns<\/a><\/span>[\/vc_column_text][\/vc_column_inner][\/vc_row_inner][\/vc_column][\/vc_row][vc_row][vc_column width=&#8220;3\/4&#8243;][vc_row_inner][vc_column_inner width=&#8220;1\/2&#8243; css=&#8220;.vc_custom_1527605605956{padding-right: 3px !important;}&#8220; offset=&#8220;vc_hidden-xs&#8220;][vc_raw_html css=&#8220;.vc_custom_1527069188876{margin-bottom: 6px !important;}&#8220;]PGEgaHJlZj0iL2RlL2Z1aHJ1bmdlbi10ZWwtYXZpdi8iPjxkaXYgY2xhc3M9ImJhdWhhdXNfZnJvbnRfdmVydCIgb25tb3VzZW92ZXI9ImJoZl90b3Vycy5jbGFzc05hbWU9J2JoZl9pbWdfdnJ0X2hvdic7YmhmX3RvdXJzX3R4dC5jbGFzc05hbWU9J2JoZl92ZXJ0X3RleHQnOyIgb25tb3VzZW91dD0iYmhmX3RvdXJzLmNsYXNzTmFtZT0nYmhmX2ltZ192cnQnO2JoZl90b3Vyc190eHQuY2xhc3NOYW1lPSdiaGZfdmVydF90ZXh0JzsiPg0KPGRpdiBjbGFzcz0iYmhmX3ZlcnRfYmciPg0KICA8L2Rpdj4NCiAgPGltZyBpZD0iYmhmX3RvdXJzIiBzcmM9Ii93cC1jb250ZW50L3VwbG9hZHMvMjAxOC8wNS9iYXVoYXVzX3RvdXJzLmpwZyIgYWx0PSJCYXVoYXVzIENlbnRlciBUZWwgQXZpdiBUb3VycyIgc3R5bGU9IndpZHRoOjEwMCU7IiBjbGFzcz0iYmhmX2ltZ192cnQiPg0KICA8ZGl2IGNsYXNzPSJiaGZfdmVydF90ZXh0IiBpZD0iYmhmX3RvdXJzX3R4dCIgc3R5bGU9InBhZGRpbmctbGVmdDogMyU7Ij5Gw5xIUlVOR0VOPC9kaXY+DQo8L2Rpdj4NCjwvYT4=[\/vc_raw_html][vc_raw_html css=&#8220;.vc_custom_1527069196423{margin-bottom: 6px !important;}&#8220;]PGEgaHJlZj0iL2RlL2dhbGVyaWUvIj48ZGl2IGNsYXNzPSJiYXVoYXVzX2Zyb250X3ZlcnQiIG9ubW91c2VvdmVyPSJiaGZfZ2FsbGVyeS5jbGFzc05hbWU9J2JoZl9pbWdfdnJ0X2hvdic7YmhmX2dhbGxlcnlfdHh0LmNsYXNzTmFtZT0nYmhmX3ZlcnRfdGV4dCc7IiBvbm1vdXNlb3V0PSJiaGZfZ2FsbGVyeS5jbGFzc05hbWU9J2JoZl9pbWdfdnJ0JztiaGZfZ2FsbGVyeV90eHQuY2xhc3NOYW1lPSdiaGZfdmVydF90ZXh0JzsiPg0KPGRpdiBjbGFzcz0iYmhmX3ZlcnRfYmciPg0KICA8L2Rpdj4NCiAgPGltZyBpZD0iYmhmX2dhbGxlcnkiIHNyYz0iL3dwLWNvbnRlbnQvdXBsb2Fkcy8yMDE4LzA1L2JhdWhhdXNfbGVjdHVyZXMuanBnIiBhbHQ9IkJhdWhhdXMgRXhoaWJpdGlvbnMgVGVsIEF2aXYiIGNsYXNzPSJiaGZfaW1nX3ZydCI+DQogIDxkaXYgY2xhc3M9ImJoZl92ZXJ0X3RleHQiIGlkPSJiaGZfZ2FsbGVyeV90eHQiIHN0eWxlPSJwYWRkaW5nLWxlZnQ6IDMlOyI+R0FMRVJJRTwvZGl2Pg0KPC9kaXY+PC9hPg==[\/vc_raw_html][\/vc_column_inner][vc_column_inner width=&#8220;1\/2&#8243; css=&#8220;.vc_custom_1527605614566{padding-left: 3px !important;}&#8220; offset=&#8220;vc_hidden-xs&#8220;][vc_raw_html css=&#8220;.vc_custom_1527600404030{margin-bottom: 6px !important;}&#8220;]PGEgaHJlZj0iL2RlL2Rlc2lnbi1zaG9wLyI+PGRpdiBjbGFzcz0iYmF1aGF1c19mcm9udF92ZXJ0IiBvbm1vdXNlb3Zlcj0iYmhmX3Nob3AuY2xhc3NOYW1lPSdiaGZfaW1nX3ZydF9ob3YnO2JoZl9zaG9wX3R4dC5jbGFzc05hbWU9J2JoZl92ZXJ0X3RleHQnOyIgb25tb3VzZW91dD0iYmhmX3Nob3AuY2xhc3NOYW1lPSdiaGZfaW1nX3ZydCc7YmhmX3Nob3BfdHh0LmNsYXNzTmFtZT0nYmhmX3ZlcnRfdGV4dCc7Ij4NCjxkaXYgY2xhc3M9ImJoZl92ZXJ0X2JnIj4NCiAgPC9kaXY+DQogIDxpbWcgaWQ9ImJoZl9zaG9wIiBzcmM9Ii93cC1jb250ZW50L3VwbG9hZHMvMjAxOC8wNS9iYXVoYXVzX2dhbGxlcnkuanBnIiBhbHQ9IkJhdWhhdXMgQ2VudGVyIFRlbCBBdml2IFNob3AiIGNsYXNzPSJiaGZfaW1nX3ZydCI+DQogIDxkaXYgY2xhc3M9ImJoZl92ZXJ0X3RleHQiIGlkPSJiaGZfc2hvcF90eHQiIHN0eWxlPSJwYWRkaW5nLWxlZnQ6MyU7Ij5TSE9QPC9kaXY+DQo8L2Rpdj4NCjwvYT4=[\/vc_raw_html][vc_raw_html css=&#8220;.vc_custom_1527600354735{margin-bottom: 6px !important;}&#8220;]PGEgaHJlZj0iL2RlL3ViZXItdW5zLyI+PGRpdiBjbGFzcz0iYmF1aGF1c19mcm9udF92ZXJ0IiBvbm1vdXNlb3Zlcj0iYmhmX2Fib3V0LmNsYXNzTmFtZT0nYmhmX2ltZ192cnRfaG92JztiaGZfYWJvdXRfdHh0LmNsYXNzTmFtZT0nYmhmX3ZlcnRfdGV4dCc7IiBvbm1vdXNlb3V0PSJiaGZfYWJvdXQuY2xhc3NOYW1lPSdiaGZfaW1nX3ZydCc7YmhmX2Fib3V0X3R4dC5jbGFzc05hbWU9J2JoZl92ZXJ0X3RleHQnOyI+DQogPGRpdiBjbGFzcz0iYmhmX3ZlcnRfYmciPg0KICA8L2Rpdj4NCiAgPGltZyBpZD0iYmhmX2Fib3V0IiBzcmM9Ii93cC1jb250ZW50L3VwbG9hZHMvMjAxOC8wNS9iYXVoYXVzX2NlbnRlcl90ZWxfYXZpdi5qcGciIGFsdD0iQWJvdXQgVGVsIEF2aXYgQmF1aGF1cyBDZW50ZXIiIHN0eWxlPSJ3aWR0aDoxMDAlOyIgY2xhc3M9ImJoZl9pbWdfdnJ0Ij4NCiAgPGRpdiBjbGFzcz0iYmhmX3ZlcnRfdGV4dCIgaWQ9ImJoZl9hYm91dF90eHQiIHN0eWxlPSJwYWRkaW5nLWxlZnQ6MyU7Ij7DnEJFUiBVTlM8L2Rpdj4NCjwvZGl2Pg0KPC9hPg0K[\/vc_raw_html][\/vc_column_inner][\/vc_row_inner][vc_row_inner][vc_column_inner width=&#8220;1\/2&#8243; offset=&#8220;vc_hidden-lg vc_hidden-md vc_hidden-sm&#8220;][vc_raw_html css=&#8220;.vc_custom_1527604576995{margin-bottom: 6px !important;}&#8220;]Jm5ic3A7DQo8ZGl2IGNsYXNzPSJiYXVoYXVzX2Zyb250X3ZlcnQiPg0KPGRpdiBjbGFzcz0iYmhmX3ZlcnRfYmciPjwvZGl2Pg0KPGltZyBpZD0iYmhmX3RvdXJzX20iIGNsYXNzPSJiaGZfaW1nX3ZydCIgc3R5bGU9IndpZHRoOiAxMDAlOyIgc3JjPSIvd3AtY29udGVudC91cGxvYWRzLzIwMTgvMDUvYmF1aGF1c190b3Vycy5qcGciIGFsdD0iQmF1aGF1cyBDZW50ZXIgVGVsIEF2aXYgVG91cnMiIC8+DQo8ZGl2IGlkPSJiaGZfdG91cnNfdHh0X20iIGNsYXNzPSJiaGZfdmVydF90ZXh0IiBzdHlsZT0icGFkZGluZy1sZWZ0OiAzJTsiPkbDnEhSVU5HRU48L2Rpdj4NCjwvZGl2Pg0KJm5ic3A7[\/vc_raw_html][vc_raw_html css=&#8220;.vc_custom_1527605515496{margin-bottom: 6px !important;}&#8220;]Jm5ic3A7DQo8ZGl2IGNsYXNzPSJiYXVoYXVzX2Zyb250X3ZlcnQiPg0KPGRpdiBjbGFzcz0iYmhmX3ZlcnRfYmciPjwvZGl2Pg0KPGltZyBpZD0iYmhmX2dhbGxlcnlfbSIgY2xhc3M9ImJoZl9pbWdfdnJ0IiBzcmM9Ii93cC1jb250ZW50L3VwbG9hZHMvMjAxOC8wNS9iYXVoYXVzX2xlY3R1cmVzLmpwZyIgYWx0PSJCYXVoYXVzIEV4aGliaXRpb25zIFRlbCBBdml2IiAvPg0KPGRpdiBpZD0iYmhmX2dhbGxlcnlfdHh0X20iIGNsYXNzPSJiaGZfdmVydF90ZXh0IiBzdHlsZT0icGFkZGluZy1sZWZ0OiAzJTsiPkdBTEVSSUU8L2Rpdj4NCjwvZGl2Pg0KJm5ic3A7[\/vc_raw_html][\/vc_column_inner][vc_column_inner width=&#8220;1\/2&#8243; offset=&#8220;vc_hidden-lg vc_hidden-md vc_hidden-sm&#8220;][vc_raw_html css=&#8220;.vc_custom_1527605507366{margin-bottom: 6px !important;}&#8220;]Jm5ic3A7DQo8ZGl2IGNsYXNzPSJiYXVoYXVzX2Zyb250X3ZlcnQiPg0KPGRpdiBjbGFzcz0iYmhmX3ZlcnRfYmciPjwvZGl2Pg0KPGltZyBpZD0iYmhmX3Nob3BfbSIgY2xhc3M9ImJoZl9pbWdfdnJ0IiBzcmM9Ii93cC1jb250ZW50L3VwbG9hZHMvMjAxOC8wNS9iYXVoYXVzX2dhbGxlcnkuanBnIiBhbHQ9IkJhdWhhdXMgQ2VudGVyIFRlbCBBdml2IFNob3AiIC8+DQo8ZGl2IGlkPSJiaGZfc2hvcF90eHRfbSIgY2xhc3M9ImJoZl92ZXJ0X3RleHQiIHN0eWxlPSJwYWRkaW5nLWxlZnQ6IDMlOyI+U0hPUDwvZGl2Pg0KPC9kaXY+DQombmJzcDs=[\/vc_raw_html][vc_raw_html css=&#8220;.vc_custom_1527605527692{margin-bottom: 6px !important;}&#8220;]Jm5ic3A7DQo8ZGl2IGNsYXNzPSJiYXVoYXVzX2Zyb250X3ZlcnQiPg0KPGRpdiBjbGFzcz0iYmhmX3ZlcnRfYmciPjwvZGl2Pg0KPGltZyBpZD0iYmhmX2Fib3V0X20iIGNsYXNzPSJiaGZfaW1nX3ZydCIgc3R5bGU9IndpZHRoOiAxMDAlOyIgc3JjPSIvd3AtY29udGVudC91cGxvYWRzLzIwMTgvMDUvYmF1aGF1c19jZW50ZXJfdGVsX2F2aXYuanBnIiBhbHQ9IkFib3V0IFRlbCBBdml2IEJhdWhhdXMgQ2VudGVyIiAvPg0KPGRpdiBpZD0iYmhmX2Fib3V0X3R4dF9tIiBjbGFzcz0iYmhmX3ZlcnRfdGV4dCIgc3R5bGU9InBhZGRpbmctbGVmdDogMyU7Ij7DnEJFUiBVTlM8L2Rpdj4NCjwvZGl2Pg0KJm5ic3A7[\/vc_raw_html][\/vc_column_inner][\/vc_row_inner][vc_empty_space height=&#8220;22px&#8220;][vc_column_text css=&#8220;.vc_custom_1527069369334{margin-bottom: 22px !important;}&#8220;]<\/p>\n<div style=\"text-align: center; font-size: 1.2em;\">\n<p>Tel Avivs atemberaubende &#8222;Weisse Stadt&#8220; ist Teil des UNESCO-Weltkulturerbes. Sie wurde wegen ihrer einzigartigen Sammlung von Bauhaus-Architektur zur\u00fcckgewonnen. Das Bauhaus Center Tel Aviv l\u00e4dt Sie ein, dieses wunderbare St\u00fcck Kultur zu entdecken, kennenzulernen und zu erleben.<\/p>\n<p><strong>WE KNOW TEL AVIV. YOU GET TO KNOW IT TOO.<\/strong><\/p>\n<\/div>\n<p>[\/vc_column_text][vc_empty_space height=&#8220;18px&#8220;][vc_single_image image=&#8220;3113&#8243; img_size=&#8220;full&#8220; alignment=&#8220;center&#8220; onclick=&#8220;custom_link&#8220; css_animation=&#8220;fadeIn&#8220; css=&#8220;.vc_custom_1525095797883{margin-bottom: 0px !important;}&#8220; link=&#8220;\/tel-aviv-white-city-tours\/&#8220;][vc_row_inner gap=&#8220;35&#8243;][vc_column_inner width=&#8220;1\/3&#8243; css=&#8220;.vc_custom_1509007246586{padding: 12px !important;border: 0px solid #ededed !important;border-radius: 3px !important;}&#8220;][vc_icon type=&#8220;openiconic&#8220; icon_openiconic=&#8220;vc-oi vc-oi-headphones&#8220; color=&#8220;custom&#8220; background_style=&#8220;rounded&#8220; background_color=&#8220;custom&#8220; size=&#8220;lg&#8220; align=&#8220;center&#8220; css_animation=&#8220;fadeIn&#8220; custom_color=&#8220;#333333&#8243; custom_background_color=&#8220;rgba(237,237,237,0.43)&#8220; css=&#8220;.vc_custom_1530080756947{background-position: center !important;background-repeat: no-repeat !important;background-size: cover !important;}&#8220; link=&#8220;url:%2Ftel-aviv-white-city-tours%2F|title:Guided%20White%20City%20Walking%20Tours%20||&#8220;][vc_column_text css=&#8220;.vc_custom_1549569144001{margin-top: -20px !important;}&#8220;]<\/p>\n<h4 style=\"text-align: center;\"><a href=\"https:\/\/bauhaus-center.com\/de\/fuhrungen-tel-aviv\/\">F\u00fchrungen &amp; Audioguides<\/a><\/h4>\n<p style=\"text-align: center;\">Nehmen Sie an einer <a href=\"https:\/\/bauhaus-center.com\/de\/fuhrungen-tel-aviv\/\">Stadtf\u00fchrung<\/a> teil oder erkunden Sie die Tel Aviv mit einem <a href=\"https:\/\/bauhaus-center.com\/de\/fuhrungen-tel-aviv\/\">Audioguide<\/a>. Als Pionier-Institution f\u00fcr Bauhaus bietet das Bauhaus Center die beliebte <a href=\"https:\/\/bauhaus-center.com\/de\/fuhrungen-tel-aviv\/\">White City Tour<\/a> in sieben Sprachen an. <a href=\"https:\/\/bauhaus-center.com\/de\/kontakt-und-adresse\/\">Kontaktieren Sie uns<\/a> um mehr zu erfahren!<\/p>\n<p>[\/vc_column_text][\/vc_column_inner][vc_column_inner width=&#8220;1\/3&#8243; css=&#8220;.vc_custom_1509007252885{padding: 12px !important;border: 0px solid #ededed !important;border-radius: 3px !important;}&#8220;][vc_icon type=&#8220;openiconic&#8220; icon_openiconic=&#8220;vc-oi vc-oi-info&#8220; color=&#8220;custom&#8220; background_style=&#8220;rounded&#8220; background_color=&#8220;custom&#8220; size=&#8220;lg&#8220; align=&#8220;center&#8220; css_animation=&#8220;fadeIn&#8220; custom_color=&#8220;#333333&#8243; custom_background_color=&#8220;rgba(237,237,237,0.44)&#8220; link=&#8220;url:%2Fabout%2F|||&#8220;][vc_column_text css=&#8220;.vc_custom_1527622273105{margin-top: -20px !important;}&#8220;]<\/p>\n<h4 style=\"text-align: center;\"><a href=\"gallery\">Galerie &amp; Info Center<\/a><\/h4>\n<p style=\"text-align: center;\">Das Bauhaus Center zeigt wechselnde Ausstellungen zu den Themen Bauhaus, Architektur, Design und Kunst (freier Eintritt). Unter <a href=\"\/de\/bauhaus-center-galerie-tel-aviv\/\">Galerie<\/a> erfahren Sie mehr \u00fcber unsere aktuellen Ausstellungen.<\/p>\n<p>[\/vc_column_text][\/vc_column_inner][vc_column_inner width=&#8220;1\/3&#8243; css=&#8220;.vc_custom_1509007276015{padding: 12px !important;border-radius: 3px !important;}&#8220;][vc_icon icon_fontawesome=&#8220;fa fa-gift&#8220; color=&#8220;custom&#8220; background_style=&#8220;rounded&#8220; background_color=&#8220;custom&#8220; size=&#8220;lg&#8220; align=&#8220;center&#8220; css_animation=&#8220;fadeIn&#8220; custom_color=&#8220;#333333&#8243; custom_background_color=&#8220;rgba(237,237,237,0.43)&#8220; link=&#8220;url:%2Fbook-shop%2F|||&#8220;][vc_column_text css=&#8220;.vc_custom_1525097440705{margin-top: -20px !important;}&#8220;]<\/p>\n<h4 style=\"text-align: center;\"><a href=\"https:\/\/bauhaus-center.com\/de\/design-shop\/\">Shop<\/a><\/h4>\n<p style=\"text-align: center;\">In unserem Bauhaus Design Shop mit Buchhandlung bieten wir eine grosse Auswahl an Artikeln, vom Vintage-Poster bis zu unseren eigenen Bauhaus Center B\u00fcchern, an. Die Bestseller finden Sie auch im <a href=\"https:\/\/bauhaus-center.com\/de\/design-shop\/\">Online-Shop<\/a>.<\/p>\n<p>[\/vc_column_text][\/vc_column_inner][\/vc_row_inner][vc_row_inner equal_height=&#8220;yes&#8220; gap=&#8220;10&#8243;][vc_column_inner width=&#8220;1\/2&#8243; css=&#8220;.vc_custom_1525900165328{padding-top: 25px !important;background-color: #f4f6fc !important;}&#8220;][vc_column_text css=&#8220;.vc_custom_1570373188941{padding-left: 6px !important;}&#8220;]<\/p>\n<h2>Tel Aviv Bauhaus F\u00fchrungen<\/h2>\n<h4 style=\"margin-bottom: 8px;\">Zertifiziert vom israelischen Tourismusministerium<\/h4>\n<p>Entdecken Sie die unvergleichliche Architektur und das einzigartige Stadtbild von Tel Aviv auf einer Bauhaus F\u00fchrung. Wir bieten Stadtf\u00fchrungen mit erfahrenen Guides in zahlreichen Sprachen in Zusammenarbeit mit UNESCO Israel an. Unsere F\u00fchrungen haben in den letzten 20 Jahren mehr als 50.000 Menschen begeistert!<\/p>\n<p><strong><a href=\"https:\/\/bauhaus-center.com\/de\/fuhrungen-tel-aviv\/\">F\u00fchrungen<\/a><\/strong><br \/>\nDie 2 w\u00f6chentlichen Bauhaus-Touren auf englisch (2 Stunden) beginnen jeden Freitag und Sonntag um 10:00 Uhr beim Bauhaus Center am ber\u00fchmten Dizengoff Square.<\/p>\n<p><strong><a href=\"https:\/\/bauhaus-center.com\/de\/fuhrungen-tel-aviv\/\">Private F\u00fchrungen<\/a><\/strong><br \/>\nPrivate F\u00fchrungen k\u00f6nnen im Voraus in verschiedenen Sprachen vereinbart und gebucht werden.<\/p>\n<p><strong><a href=\"https:\/\/bauhaus-center.com\/de\/fuhrungen-tel-aviv\/\">Audioguide (1,5 Stunden)<\/a><\/strong><br \/>\nDas Bauhaus Center bietet auch Audioguides f\u00fcr Stadtrundg\u00e4nge in sieben Sprachen an.<\/p>\n<p><strong><a href=\"https:\/\/bauhaus-center.com\/de\/fuhrungen-tel-aviv\/\">Audioguide f\u00fcr Profis (2 Stunden)<\/a><\/strong><br \/>\nDiese Tour besucht die gleichen Destinationen wie die regul\u00e4re Stadtf\u00fchrung, enth\u00e4lt aber detailliertere Informationen.<\/p>\n<p><strong>Bauhaus Einf\u00fchrungsfilm<\/strong><br \/>\nAlle unsere F\u00fchrungen beginnen mit dem interessanten Einf\u00fchrungsfilm des Bauhaus Center, welcher den Teilnehmern die Entwicklung der Weissen Stadt erkl\u00e4rt und n\u00e4herbringt.<\/p>\n<p><strong><a href=\"https:\/\/bauhaus-center.com\/de\/fuhrungen-tel-aviv\/\">Mehr \u00fcber unsere Bauhaus F\u00fchrungen und Audioguides<\/a><\/strong>[\/vc_column_text][\/vc_column_inner][vc_column_inner width=&#8220;1\/2&#8243; css=&#8220;.vc_custom_1525900178149{padding-top: 25px !important;background-color: #f4f6fc !important;}&#8220;][vc_column_text css=&#8220;.vc_custom_1637771834480{padding-left: 6px !important;}&#8220;]<\/p>\n<h2>Ausstellungen<\/h2>\n<h4 style=\"margin-bottom: 8px;\"><a href=\"https:\/\/bauhaus-center.com\/de\/bauhaus-center-galerie-tel-aviv\/\">Die Bauhaus Center Gallery<\/a><\/h4>\n<p>In unserer Galerie entwickeln und veranstalten wir Ausstellungen rund um das Thema Bauhaus und International Style mit Fokus auf Tel Aviv.<\/p>\n<p>Wir zeigen reich dokumentierte Foto-Ausstellungen \u00fcber Architektur und Design genauso wie Einzelausstellungen von K\u00fcnstlern und Designern.<\/p>\n<h3><strong>Jetzt aktuell | <a href=\"https:\/\/bauhaus-center.com\/de\/gallery-art-exhibition\/coming-soon-architecture-moderne-mumbai-and-tel-aviv\/\">Architecture Moderne: Mumbai and Tel-Aviv.<\/a><\/strong><\/h3>\n<h3><span style=\"font-size: 14px;\">In dieser Ausstellung vergleichen wir die beiden modernistischen Weltkulturerbe-St\u00e4tte: Mumbai und Tel-Aviv.<\/span><\/h3>\n<h3><strong><img decoding=\"async\" class=\"size-thumbnail wp-image-5206 aligncenter lazyload\" data-src=\"https:\/\/bauhaus-center.com\/wp-content\/uploads\/2022\/06\/mumbai-tlv-invitation-03-1-264x370.jpg\" alt=\"\" width=\"264\" height=\"370\" data-srcset=\"https:\/\/bauhaus-center.com\/wp-content\/uploads\/2022\/06\/mumbai-tlv-invitation-03-1-264x370.jpg 264w, https:\/\/bauhaus-center.com\/wp-content\/uploads\/2022\/06\/mumbai-tlv-invitation-03-1-768x1075.jpg 768w, https:\/\/bauhaus-center.com\/wp-content\/uploads\/2022\/06\/mumbai-tlv-invitation-03-1-540x756.jpg 540w, https:\/\/bauhaus-center.com\/wp-content\/uploads\/2022\/06\/mumbai-tlv-invitation-03-1-920x1288.jpg 920w, https:\/\/bauhaus-center.com\/wp-content\/uploads\/2022\/06\/mumbai-tlv-invitation-03-1.jpg 1000w\" data-sizes=\"(max-width: 264px) 100vw, 264px\" src=\"data:image\/svg+xml;base64,PHN2ZyB3aWR0aD0iMSIgaGVpZ2h0PSIxIiB4bWxucz0iaHR0cDovL3d3dy53My5vcmcvMjAwMC9zdmciPjwvc3ZnPg==\" style=\"--smush-placeholder-width: 264px; --smush-placeholder-aspect-ratio: 264\/370;\" \/><\/strong><\/h3>\n<p>&nbsp;<\/p>\n<p><a href=\"https:\/\/bauhaus-center.com\/de\/bauhaus-center-galerie-tel-aviv\/\"><strong>Bauhaus Center Ausstellungen<\/strong><\/a>[\/vc_column_text][\/vc_column_inner][\/vc_row_inner][vc_row_inner][vc_column_inner][\/vc_column_inner][\/vc_row_inner][\/vc_column][vc_column width=&#8220;1\/4&#8243; offset=&#8220;vc_hidden-xs&#8220;][vc_widget_sidebar sidebar_id=&#8220;page-right&#8220;][\/vc_column][\/vc_row][vc_row css=&#8220;.vc_custom_1526571807460{margin-top: 20px !important;}&#8220;][vc_column][vc_column_text css=&#8220;.vc_custom_1594847797740{margin-top: 18px !important;}&#8220;]<\/p>\n<h1>Bauhaus Center \u2013 Alles \u00fcber Bauhaus in Tel Aviv<\/h1>\n<h4 style=\"margin-bottom: 8px;\">Bauhaus Stadtf\u00fchrungen, Shop und Galerie seit 2000<\/h4>\n<p>Das Bauhaus Center Tel Aviv wurde im Jahr 2000 von Dr. Asher Ben-Shmuel, Shlomit Gross und Dr. Micha Gross gegr\u00fcndet. Das Ziel des Bauhaus Center ist es, die \u00f6ffentliche Anerkennung der &#8222;Weissen Stadt&#8220; als einzigartige Architektur- und Kulturstadt zu st\u00e4rken. Das Bauhaus Center verf\u00fcgt \u00fcber eine Galerie mit wechselnden Ausstellungen, organisiert Stadtf\u00fchrungen und ver\u00f6ffentlicht B\u00fccher, die dem Thema Bauhaus gewidmet sind.<\/p>\n<p>Wir <a href=\"\/de\/bauhaus-center-partnerorganisationen\/\">arbeiten<\/a> mit der UNESCO Israel, der Stadtverwaltung Tel Aviv-Yafo und Institutionen, Museen und Galerien weltweit zusammen.<\/p>\n<p>Unsere Ausstellungen werden auf der ganzen Welt gezeigt, und das Bauhaus Center wurde in Medienberichten und Reiseliteratur ausf\u00fchrlich vorgestellt.<\/p>\n<p><strong><a href=\"\/de\/uber-uns\/\">Erfahren Sie mehr \u00fcber das Bauhaus Center Tel Aviv<\/a><\/strong>[\/vc_column_text][\/vc_column][\/vc_row][vc_row disable_element=&#8220;yes&#8220;][vc_column][vc_column_text]<\/p>\n<h2><a style=\"text-decoration: none; color: black;\" href=\"https:\/\/bauhaus-center.com\/de\/design-shop\/\">Bauhaus Center Design Shop<\/a><\/h2>\n<h4><a style=\"text-decoration: none; color: black;\" href=\"https:\/\/bauhaus-center.com\/de\/design-shop\/\">Bauhaus Souvenirs, B\u00fccher und Originale<\/a><\/h4>\n<p>[\/vc_column_text]<div class=\"woocommerce columns-12 \"><\/div>[\/vc_column][\/vc_row]<\/p>\n<\/section>","protected":false},"excerpt":{"rendered":"<p>[vc_row][vc_column offset=&#8220;vc_hidden-lg vc_hidden-md vc_hidden-sm&#8220;][vc_row_inner][vc_column_inner width=&#8220;1\/2&#8243;][vc_column_text]ADRESSE Dizengoff Strasse\u00a0 (+972)3-522-0249 77 Tel Avivinfo@bauhaus-center.com[\/vc_column_text][\/vc_column_inner][vc_column_inner width=&#8220;1\/2&#8243;][vc_column_text]\u00d6FFNUNGSZEITEN Sonntag\u2013Donnerstag10:00 &#8211; 20:00 Freitag10:00 &#8211; 15:00 SamstagGeschlossen FeiertageKontaktieren&#8230;<\/p>\n","protected":false},"author":1,"featured_media":3293,"parent":0,"menu_order":0,"comment_status":"closed","ping_status":"closed","template":"","meta":{"footnotes":""},"class_list":["post-3104","page","type-page","status-publish","has-post-thumbnail","hentry"],"aioseo_notices":[],"_links":{"self":[{"href":"https:\/\/bauhaus-center.com\/de\/wp-json\/wp\/v2\/pages\/3104","targetHints":{"allow":["GET"]}}],"collection":[{"href":"https:\/\/bauhaus-center.com\/de\/wp-json\/wp\/v2\/pages"}],"about":[{"href":"https:\/\/bauhaus-center.com\/de\/wp-json\/wp\/v2\/types\/page"}],"author":[{"embeddable":true,"href":"https:\/\/bauhaus-center.com\/de\/wp-json\/wp\/v2\/users\/1"}],"replies":[{"embeddable":true,"href":"https:\/\/bauhaus-center.com\/de\/wp-json\/wp\/v2\/comments?post=3104"}],"version-history":[{"count":76,"href":"https:\/\/bauhaus-center.com\/de\/wp-json\/wp\/v2\/pages\/3104\/revisions"}],"predecessor-version":[{"id":5309,"href":"https:\/\/bauhaus-center.com\/de\/wp-json\/wp\/v2\/pages\/3104\/revisions\/5309"}],"wp:featuredmedia":[{"embeddable":true,"href":"https:\/\/bauhaus-center.com\/de\/wp-json\/wp\/v2\/media\/3293"}],"wp:attachment":[{"href":"https:\/\/bauhaus-center.com\/de\/wp-json\/wp\/v2\/media?parent=3104"}],"curies":[{"name":"wp","href":"https:\/\/api.w.org\/{rel}","templated":true}]}}