{"id":3154,"date":"2019-11-14T10:06:24","date_gmt":"2019-11-14T08:06:24","guid":{"rendered":"https:\/\/vwlzlsw11gw.c.updraftclone.com\/uber-uns\/"},"modified":"2020-12-17T00:21:26","modified_gmt":"2020-12-16T22:21:26","slug":"uber-uns","status":"publish","type":"page","link":"https:\/\/bauhaus-center.com\/de\/uber-uns\/","title":{"rendered":"\u00dcber uns"},"content":{"rendered":"<h1>\u00dcber das Bauhaus Center<\/h1>\n<figure id=\"attachment_3265\" aria-describedby=\"caption-attachment-3265\" style=\"width: 250px\" class=\"wp-caption alignright\"><img decoding=\"async\" class=\"wp-image-3265 size-full lazyload\" data-src=\"https:\/\/bauhaus-center.com\/wp-content\/uploads\/2019\/11\/Bauhaus-Center-Dizengof-77-Tel-Aviv.jpg\" alt=\"\" width=\"250\" height=\"177\" src=\"data:image\/svg+xml;base64,PHN2ZyB3aWR0aD0iMSIgaGVpZ2h0PSIxIiB4bWxucz0iaHR0cDovL3d3dy53My5vcmcvMjAwMC9zdmciPjwvc3ZnPg==\" style=\"--smush-placeholder-width: 250px; --smush-placeholder-aspect-ratio: 250\/177;\" \/><figcaption id=\"caption-attachment-3265\" class=\"wp-caption-text\">Bauhaus Center at 77 Dizengof Street<\/figcaption><\/figure>\n<p><strong>Das Bauhaus Center Tel Aviv wurde im Jahr 2000 von Dr. Asher Ben-Shmuel, Shlomit Gross und Dr. Micha Gross gegr\u00fcndet. Das Ziel des Bauhaus Center ist es, die \u00f6ffentliche Anerkennung der &#8222;Weissen Stadt&#8220; als einzigartige Architektur- und Kulturstadt zu st\u00e4rken. <\/strong><\/p>\n<p>Dazu verf\u00fcgt das Bauhaus Center \u00fcber eine <a href=\"https:\/\/bauhaus-center.com\/de\/bauhaus-center-galerie-tel-aviv\/\">Galerie<\/a> mit wechselnden Ausstellungen, bietet <a href=\"https:\/\/bauhaus-center.com\/de\/fuhrungen-tel-aviv\/\">Stadtf\u00fchrungen<\/a> an und f\u00fchren einen dem Thema Bauhaus gewidmeten <a href=\"https:\/\/bauhaus-center.com\/product-category\/books\/publisher-bauhaus-center\/\">Verlag<\/a>. Das Bauhaus Center arbeitet mit UNESCO Israel und der Stadtverwaltung Tel Aviv-Yafo sowie mit verschiedenen Institutionen, Museen und Galerien zusammen.<\/p>\n<h3>F\u00fchrungen<\/h3>\n<figure id=\"attachment_3164\" aria-describedby=\"caption-attachment-3164\" style=\"width: 250px\" class=\"wp-caption alignright\"><img decoding=\"async\" class=\"wp-image-3164 size-medium lazyload\" data-src=\"https:\/\/bauhaus-center.com\/wp-content\/uploads\/2017\/10\/Bauhaus-Tour-Tel-Aviv-2-300x300.jpg\" alt=\"\" width=\"250\" height=\"250\" data-srcset=\"https:\/\/bauhaus-center.com\/wp-content\/uploads\/2017\/10\/Bauhaus-Tour-Tel-Aviv-2-300x300.jpg 300w, https:\/\/bauhaus-center.com\/wp-content\/uploads\/2017\/10\/Bauhaus-Tour-Tel-Aviv-2-100x100.jpg 100w, https:\/\/bauhaus-center.com\/wp-content\/uploads\/2017\/10\/Bauhaus-Tour-Tel-Aviv-2-150x150.jpg 150w\" data-sizes=\"(max-width: 250px) 100vw, 250px\" src=\"data:image\/svg+xml;base64,PHN2ZyB3aWR0aD0iMSIgaGVpZ2h0PSIxIiB4bWxucz0iaHR0cDovL3d3dy53My5vcmcvMjAwMC9zdmciPjwvc3ZnPg==\" style=\"--smush-placeholder-width: 250px; --smush-placeholder-aspect-ratio: 250\/250;\" \/><figcaption id=\"caption-attachment-3164\" class=\"wp-caption-text\">Die w\u00f6chentliche Bauhaus Stadtf\u00fchrung<br \/>startet jeden Freitag um 10.00 Uhr<\/figcaption><\/figure>\n<p><strong>Der beste Weg, die unvergleichliche Architektur und das einzigartige Stadtbild von Tel Aviv zu verstehen, ist unsere informative, pr\u00e4gnante Stadtf\u00fchrung. <\/strong><\/p>\n<p>Das Bauhaus Center bietet in Zusammenarbeit mit der UNESCO Stadtf\u00fchrungen an, die seit 20 Jahren von erfahrenen Guides durchgef\u00fchrt werden und vom Tourismusministerium lizenziert sind. \u00dcber 50.000 Menschen haben in den letzten 20 Jahren unsere F\u00fchrungen besucht! Unsere Touren werden in zahlreichen Sprachen angeboten und sind oft ausgebucht. Wenn Sie sich nicht festlegen wollen oder Ihnen unsere F\u00fchrungen terminlich nicht passen, stellen wir Ihnen Audioguides in verschiedenen Sprachen zur Verf\u00fcgung, die Sie, begleitet von informativen Videos und Karten, durch die Stadt f\u00fchren.<\/p>\n<p><strong>Die <a href=\"https:\/\/bauhaus-center.com\/de\/fuhrungen-tel-aviv\/\">Bauhaus Center White City Tour<\/a> beginnt jeden Freitag um 10:00 Uhr beim Bauhaus Center.<\/strong><\/p>\n<p><a href=\"https:\/\/bauhaus-center.com\/de\/fuhrungen-tel-aviv\/\">Erfahren Sie mehr \u00fcber unsere Bauhaus Center Stadtf\u00fchrungen &gt;&gt;<\/a><\/p>\n<h3>Ausstellungen<\/h3>\n<figure id=\"attachment_3163\" aria-describedby=\"caption-attachment-3163\" style=\"width: 250px\" class=\"wp-caption alignright\"><img decoding=\"async\" class=\"wp-image-3163 size-full lazyload\" data-src=\"\/wp-content\/uploads\/2017\/10\/Bauhaus-Center-Design-Shop.jpg\" alt=\"\" width=\"250\" height=\"167\" src=\"data:image\/svg+xml;base64,PHN2ZyB3aWR0aD0iMSIgaGVpZ2h0PSIxIiB4bWxucz0iaHR0cDovL3d3dy53My5vcmcvMjAwMC9zdmciPjwvc3ZnPg==\" style=\"--smush-placeholder-width: 250px; --smush-placeholder-aspect-ratio: 250\/167;\" \/><figcaption id=\"caption-attachment-3163\" class=\"wp-caption-text\">Bauhaus Center Galerie und Shop<\/figcaption><\/figure>\n<p>Die Bauhaus Center Galerie zeigt wechselnden Ausstellungen \u00fcber Bauhausarchitektur und -Design.<\/p>\n<p><a href=\"https:\/\/bauhaus-center.com\/de\/bauhaus-center-galerie-tel-aviv\/\">Erfahren Sie mehr \u00fcber unsere Ausstellungen im Bauhaus Center, Tel Aviv &gt;&gt;<\/a><\/p>\n<h3>Buchhandlung und Design Shop<\/h3>\n<p>Die Buchhandlung konzentriert sich auf Bauhausgeschichte und -erbe, die Stadt Tel Aviv, Design und Architektur. In der Boutique finden Sie sowohl originale Bauhaus-Artikel als auch zeitgen\u00f6ssisches israelisches Design. Ausgew\u00e4hlte Artikel sind in unserem Online-Shop verf\u00fcgbar.<\/p>\n<p>Wir offerieren einen Sonderrabatt f\u00fcr Docomomo International Mitglieder!<\/p>\n<p><a href=\"https:\/\/bauhaus-center.com\/de\/design-shop\/\">Viele unserer Design-Souvenirs, B\u00fccher, Poster und Geschenke sind online verf\u00fcgbar &gt;&gt;<\/a><\/p>\n<h3>Verlag<\/h3>\n<p>Das Bauhaus Center f\u00fchrt einen Buchverlag f\u00fcr folgende Fachgebiete: Bauhaus, Tel Aviv, Architektur und Design. Autoren oder Buchh\u00e4ndler, die in diesen Bereichen t\u00e4tig sind, senden uns bitte eine E-Mail und wir werden zeitnah antworten.<\/p>\n<p>Werfen Sie einen Blick auf die <a href=\"https:\/\/bauhaus-center.com\/product-category\/books\/publisher-bauhaus-center\/\">B\u00fccher des Bauhaus Verlags im Online-Shop (englisch) &gt;&gt;<\/a><\/p>\n<h2>Was ist Bauhaus?<\/h2>\n<p><strong>Das Bauhaus war eine Schule in Deutschland, die sich von 1919 bis 1933 der Kunst, der Architektur und dem Design widmete. <\/strong><\/p>\n<ul>\n<li><a href=\"https:\/\/bauhaus-center.com\/de\/bauhaus-in-israel\/\">Erfahren Sie mehr \u00fcber die Bauhaus Schule und Bauhaus in Israel &gt;&gt;<\/a><\/li>\n<li><a href=\"https:\/\/bauhaus-center.com\/de\/bauhaus-in-tel-aviv\/\">Erfahren Sie mehr \u00fcber Bauhaus in Tel Aviv \u00a0&gt;&gt;<\/a><\/li>\n<\/ul>\n","protected":false},"excerpt":{"rendered":"<p>\u00dcber das Bauhaus Center Das Bauhaus Center Tel Aviv wurde im Jahr 2000 von Dr. Asher Ben-Shmuel, Shlomit Gross und&#8230;<\/p>\n","protected":false},"author":1,"featured_media":0,"parent":0,"menu_order":0,"comment_status":"closed","ping_status":"closed","template":"","meta":{"footnotes":""},"class_list":["post-3154","page","type-page","status-publish","hentry"],"aioseo_notices":[],"_links":{"self":[{"href":"https:\/\/bauhaus-center.com\/de\/wp-json\/wp\/v2\/pages\/3154","targetHints":{"allow":["GET"]}}],"collection":[{"href":"https:\/\/bauhaus-center.com\/de\/wp-json\/wp\/v2\/pages"}],"about":[{"href":"https:\/\/bauhaus-center.com\/de\/wp-json\/wp\/v2\/types\/page"}],"author":[{"embeddable":true,"href":"https:\/\/bauhaus-center.com\/de\/wp-json\/wp\/v2\/users\/1"}],"replies":[{"embeddable":true,"href":"https:\/\/bauhaus-center.com\/de\/wp-json\/wp\/v2\/comments?post=3154"}],"version-history":[{"count":12,"href":"https:\/\/bauhaus-center.com\/de\/wp-json\/wp\/v2\/pages\/3154\/revisions"}],"predecessor-version":[{"id":4684,"href":"https:\/\/bauhaus-center.com\/de\/wp-json\/wp\/v2\/pages\/3154\/revisions\/4684"}],"wp:attachment":[{"href":"https:\/\/bauhaus-center.com\/de\/wp-json\/wp\/v2\/media?parent=3154"}],"curies":[{"name":"wp","href":"https:\/\/api.w.org\/{rel}","templated":true}]}}