{"id":3181,"date":"2019-11-14T10:47:33","date_gmt":"2019-11-14T08:47:33","guid":{"rendered":"https:\/\/vwlzlsw11gw.c.updraftclone.com\/bauhaus-center-partnerorganisationen\/"},"modified":"2020-12-20T14:59:45","modified_gmt":"2020-12-20T12:59:45","slug":"bauhaus-center-partnerorganisationen","status":"publish","type":"page","link":"https:\/\/bauhaus-center.com\/de\/bauhaus-center-partnerorganisationen\/","title":{"rendered":"Bauhaus Center Partnerorganisationen"},"content":{"rendered":"<section class=\"wpb-content-wrapper\"><p>[vc_row][vc_column][vc_column_text]<strong>Wir sind stolz darauf, mit Organisationen auf der ganzen Welt zusammenzuarbeiten, um Ausstellungen zu entwickeln und unsere B\u00fccher zu ver\u00f6ffentlichen. Dabei teilen wir unsere Faszination f\u00fcr Architektur und Design des fr\u00fchen<br \/>\n20. Jahrhunderts und auch insbesondere das Wissen \u00fcber die Entwicklung und Erhaltung der vom Bauhaus inspirierten Weissen Stadt Tel Aviv. Nachfolgend finden Sie eine Liste der Partnerorganisationen unseres weltweit wachsenden Netzwerks.<\/strong><\/p>\n<hr style=\"margin-top: 18px; margin-bottom: 18px;\" size=\"1\" \/>\n<h3>Forschungspartner auf der ganzen Welt<\/h3>\n<ul style=\"margin-bottom: 0px;\">\n<li style=\"list-style-type: none;\">\n<ul>\n<li>Universit\u00e4t Potsdam, Moses Mendelssohn Institut<\/li>\n<li>Europ\u00e4ische Kulturstadtinitiative AVEC (Alliance de villes Europeennes de culture)<\/li>\n<\/ul>\n<\/li>\n<\/ul>\n<hr style=\"margin-top: 18px; margin-bottom: 18px;\" size=\"1\" \/>\n<h3>Partnerorganisationen auf der ganzen Welt<\/h3>\n<ul style=\"margin-bottom: 0px;\">\n<li style=\"list-style-type: none;\">\n<ul>\n<li><a href=\"https:\/\/www.docomomo.com\/\" target=\"_blank\" rel=\"nofollow noopener noreferrer\">Docomomomo<\/a><\/li>\n<\/ul>\n<\/li>\n<\/ul>\n<blockquote><p>Internationales Komitee f\u00fcr die Dokumentation und Erhaltung von Geb\u00e4uden, St\u00e4tten und Wohngegenden der modernen Bewegung<\/p><\/blockquote>\n<ul style=\"margin-bottom: 0px;\">\n<li style=\"list-style-type: none;\">\n<ul>\n<li><a href=\"https:\/\/www.icomos.org\/en\" target=\"_blank\" rel=\"nofollow noopener noreferrer\">Internationaler Rat f\u00fcr Denkm\u00e4ler und historische St\u00e4tten (ICOMOS)<\/a><\/li>\n<\/ul>\n<\/li>\n<\/ul>\n<blockquote><p>ICOMOS ist eine internationale Nichtregierungsorganisation, die sich der Erhaltung der Denkm\u00e4ler und St\u00e4tten der Welt widmet.<\/p><\/blockquote>\n<ul style=\"margin-bottom: 0px;\">\n<li style=\"list-style-type: none;\">\n<ul>\n<li><a href=\"http:\/\/www.icads.info\/about\/\" target=\"_blank\" rel=\"nofollow noopener noreferrer\">International Coalition of Art Deco Societies (ICADS)<\/a><\/li>\n<\/ul>\n<\/li>\n<\/ul>\n<blockquote><p>ICADS widmet sich der F\u00f6rderung der Zusammenarbeit und gegenseitigen Kooperation der Mitglieder, der Erweiterung ihres Einflusses sowie der Erschliessung neuer Wege der Zusammenarbeit zur F\u00f6rderung des Verst\u00e4ndnisses, der Wertsch\u00e4tzung und der Erhaltung des Art Deco.<\/p><\/blockquote>\n<ul style=\"margin-bottom: 0px;\">\n<li style=\"list-style-type: none;\">\n<ul>\n<li>Mitglied der Organisation <a href=\"https:\/\/www.whitecitycenter.org\/startseite\" target=\"_blank\" rel=\"nofollow noopener noreferrer\">Netzwerk Weisse Stadt<\/a><\/li>\n<\/ul>\n<\/li>\n<\/ul>\n<blockquote><p>Das Bundesministerium f\u00fcr Umwelt, Naturschutz, Bau und Reaktorsicherheit hat das Projekt Netzwerk Weiss Stadt gestartet, um den Aufbau eines Zentrums f\u00fcr denkmalgesch\u00fctzte Geb\u00e4ude in der Stadt Tel Aviv zu unterst\u00fctzen.<\/p><\/blockquote>\n<ul style=\"margin-bottom: 0px;\">\n<li style=\"list-style-type: none;\">\n<ul>\n<li>Kooperationen und Projekte mit Unterst\u00fctzung der <a href=\"http:\/\/www.kulturstiftungleipzig.de\" target=\"_blank\" rel=\"noopener nofollow noreferrer\">Kulturstiftung Leipzig, Deutschland<\/a><\/li>\n<\/ul>\n<\/li>\n<\/ul>\n<blockquote><p>Internationales Projekt im Rahmen des\u00a0 <a href=\"https:\/\/bauhaus-center.com\/category\/bauhaus-100-years\/\"><i>Bauhaus100<\/i> in 2019 (erfahren Sie mehr im Bauhaus Center News Blog auf unserer englischen Seite)<\/a><\/p><\/blockquote>\n<hr style=\"margin-top: 18px; margin-bottom: 18px;\" size=\"1\" \/>\n<h3>Ausgew\u00e4hlte Partnerorganisationen in Israel<\/h3>\n<ul style=\"margin-bottom: 0px;\">\n<li style=\"list-style-type: none;\">\n<ul>\n<li><a href=\"https:\/\/bauhaus-center.com\/he\/tel-aviv-white-city-unesco-world-heritage-decision\/\" target=\"_blank\" rel=\"noopener noreferrer\">UNESCO Israel<\/a><\/li>\n<\/ul>\n<\/li>\n<\/ul>\n<blockquote><p>F\u00fcr alle Inhalte unserer <a href=\"https:\/\/bauhaus-center.com\/product-category\/books\/publisher-bauhaus-center\/\">Bauhaus Center B\u00fccher<\/a>, <a href=\"https:\/\/bauhaus-center.com\/de\/fuhrungen-tel-aviv\/\">White City Touren<\/a> und <a href=\"https:\/\/bauhaus-center.com\/de\/bauhaus-center-galerie-tel-aviv\/\">Ausstellungen<\/a> arbeiten wir mit der Israel National Commission for UNESCO zusammen.<\/p><\/blockquote>\n<ul style=\"margin-bottom: 0px;\">\n<li style=\"list-style-type: none;\">\n<ul>\n<li>Stadtverwaltung Tel Aviv-Yafo<\/li>\n<\/ul>\n<\/li>\n<\/ul>\n<blockquote><p>Das Bauhaus Center ist eine privat finanzierte Initiative. Wir pflegen eine enge Zusammenarbeit mit allen relevanten Abteilungen der Stadtverwaltung Tel Aviv-Yafo.<\/p><\/blockquote>\n<ul style=\"margin-bottom: 0px;\">\n<li style=\"list-style-type: none;\">\n<ul>\n<li>Israelisches Tourismusministerium<\/li>\n<\/ul>\n<\/li>\n<\/ul>\n<blockquote><p>Wir sind der alleinige Anbieter von Bauhaus Stadtf\u00fchrungen in Tel Aviv, der vom israelischen Tourismusministerium zugelassen wurde.<\/p><\/blockquote>\n<p>[\/vc_column_text][\/vc_column][\/vc_row]<\/p>\n<\/section>","protected":false},"excerpt":{"rendered":"<p>[vc_row][vc_column][vc_column_text]Wir sind stolz darauf, mit Organisationen auf der ganzen Welt zusammenzuarbeiten, um Ausstellungen zu entwickeln und unsere B\u00fccher zu ver\u00f6ffentlichen&#8230;.<\/p>\n","protected":false},"author":1,"featured_media":0,"parent":0,"menu_order":0,"comment_status":"closed","ping_status":"closed","template":"","meta":{"footnotes":""},"class_list":["post-3181","page","type-page","status-publish","hentry"],"aioseo_notices":[],"_links":{"self":[{"href":"https:\/\/bauhaus-center.com\/de\/wp-json\/wp\/v2\/pages\/3181","targetHints":{"allow":["GET"]}}],"collection":[{"href":"https:\/\/bauhaus-center.com\/de\/wp-json\/wp\/v2\/pages"}],"about":[{"href":"https:\/\/bauhaus-center.com\/de\/wp-json\/wp\/v2\/types\/page"}],"author":[{"embeddable":true,"href":"https:\/\/bauhaus-center.com\/de\/wp-json\/wp\/v2\/users\/1"}],"replies":[{"embeddable":true,"href":"https:\/\/bauhaus-center.com\/de\/wp-json\/wp\/v2\/comments?post=3181"}],"version-history":[{"count":2,"href":"https:\/\/bauhaus-center.com\/de\/wp-json\/wp\/v2\/pages\/3181\/revisions"}],"predecessor-version":[{"id":4698,"href":"https:\/\/bauhaus-center.com\/de\/wp-json\/wp\/v2\/pages\/3181\/revisions\/4698"}],"wp:attachment":[{"href":"https:\/\/bauhaus-center.com\/de\/wp-json\/wp\/v2\/media?parent=3181"}],"curies":[{"name":"wp","href":"https:\/\/api.w.org\/{rel}","templated":true}]}}