{"id":3187,"date":"2019-11-14T10:57:43","date_gmt":"2019-11-14T08:57:43","guid":{"rendered":"https:\/\/vwlzlsw11gw.c.updraftclone.com\/kontakt-und-adresse\/"},"modified":"2022-11-18T22:25:31","modified_gmt":"2022-11-18T20:25:31","slug":"kontakt-und-adresse","status":"publish","type":"page","link":"https:\/\/bauhaus-center.com\/de\/kontakt-und-adresse\/","title":{"rendered":"Kontakt und Adresse"},"content":{"rendered":"<section class=\"wpb-content-wrapper\"><p>[vc_row][vc_column][vc_custom_heading text=&#8220;Adresse &amp; \u00d6ffnungszeiten Bauhaus Center Tel Aviv&#8220; use_theme_fonts=&#8220;yes&#8220; css=&#8220;.vc_custom_1512995232003{margin-bottom: 12px !important;}&#8220;][\/vc_column][\/vc_row][vc_row][vc_column][vc_column_text]<strong>Das Bauhaus Center Tel Aviv befindet sich in der Dizengoff Strasse 77 im Zentrum von Tel Aviv, neben dem Dizengoff-Platz. Das Center ist 6 Tage die Woche ge\u00f6ffnet (siehe \u00d6ffnungszeiten weiter unten), bitte kontaktieren Sie uns bez\u00fcglich \u00d6ffnungszeiten an Feiertagen. F\u00fcr Informationen zu unseren <a title=\"Bauhaus in Tel Aviv \u2013 F\u00fchrungen\" href=\"https:\/\/bauhaus-center.com\/de\/fuhrungen-tel-aviv\/\">Bauhaus Stadt-F\u00fchrungen bitte hier klicken<\/a>. <\/strong>[\/vc_column_text][\/vc_column][vc_column][vc_custom_heading text=&#8220;Karte&#8220; font_container=&#8220;tag:h3|text_align:left&#8220; use_theme_fonts=&#8220;yes&#8220;][\/vc_column][\/vc_row][vc_row][vc_column css=&#8220;.vc_custom_1458576002779{margin-bottom: 40px !important;}&#8220;][vc_gmaps link=&#8220;#E-8_JTNDaWZyYW1lJTIwc3R5bGUlM0QlMjJib3JkZXIlM0ElMjAwJTNCJTIyJTIwc3JjJTNEJTIyaHR0cHMlM0ElMkYlMkZ3d3cuZ29vZ2xlLmNvbSUyRm1hcHMlMkZlbWJlZCUzRnBiJTNEJTIxMW0xNCUyMTFtOCUyMTFtMyUyMTFkNjc2MS40NjEwMTQ2NzE2MDclMjEyZDM0Ljc3NDUxNSUyMTNkMzIuMDc2NTM3JTIxM20yJTIxMWkxMDI0JTIxMmk3NjglMjE0ZjEzLjElMjEzbTMlMjExbTIlMjExczB4MCUyNTNBMHhlNGU1YzIwYjI1YjFmODIxJTIxMnNCYXVoYXVzJTJCQ2VudGVyJTJCVGVsJTJCQXZpdiUyMTVlMCUyMTNtMiUyMTFzZW4lMjEyc3VzJTIxNHYxNTA5MjY1MTYzMDIwJTIyJTIwd2lkdGglM0QlMjI4MDAlMjIlMjBoZWlnaHQlM0QlMjI0MDAlMjIlMjBmcmFtZWJvcmRlciUzRCUyMjAlMjIlMjBhbGxvd2Z1bGxzY3JlZW4lM0QlMjJhbGxvd2Z1bGxzY3JlZW4lMjIlM0UlM0MlMkZpZnJhbWUlM0U=&#8220; size=&#8220;400&#8243; css=&#8220;.vc_custom_1510492887129{margin-bottom: -8px !important;}&#8220;][vc_column_text]<a href=\"https:\/\/www.google.com\/maps?ll=32.076537,34.774515&amp;z=15&amp;t=m&amp;hl=en-US&amp;gl=US&amp;mapclient=embed&amp;cid=16493802563447158817\" target=\"_blank\" rel=\"noopener noreferrer\">In Google Maps \u00f6ffnen<\/a>[\/vc_column_text][\/vc_column][\/vc_row][vc_row][vc_column width=&#8220;2\/3&#8243; css=&#8220;.vc_custom_1456389622755{padding-right: 50px !important;}&#8220;][nor_contact_form myemail=&#8220;info@bauhaus-center.com&#8220; title=&#8220;Get in touch&#8220; subtitle=&#8220;&#8220; buttontext=&#8220;Send&#8220; success=&#8220;Thanks for contacting us, we will be in touch shortly!&#8220; failure=&#8220;Sending failed. Please try again or contact us by email.&#8220;][\/vc_column][vc_column width=&#8220;1\/3&#8243;][vc_custom_heading text=&#8220;\u00d6ffnungszeiten&#8220; font_container=&#8220;tag:h4|text_align:left|line_height:1.5&#8243; use_theme_fonts=&#8220;yes&#8220; css=&#8220;.vc_custom_1510493278040{margin-bottom: 8px !important;}&#8220;][vc_column_text]<\/p>\n<div style=\"width: 100%;\">\n<div style=\"float: left;\">Sonntag\u2013Donnerstag<br \/>\nFreitag<br \/>\nSamstag<br \/>\nFeiertage<\/div>\n<div style=\"float: right; text-align: right;\">10:00 &#8211; 19:00<br \/>\n09:45 &#8211; 14:30<br \/>\nGeschlossen<br \/>\nKontaktieren Sie uns<\/div>\n<\/div>\n<div style=\"clear: both;\"><\/div>\n<p>[\/vc_column_text][vc_custom_heading text=&#8220;Adresse&#8220; font_container=&#8220;tag:h4|text_align:left|line_height:1.5&#8243; use_theme_fonts=&#8220;yes&#8220; css=&#8220;.vc_custom_1510493326958{margin-bottom: 8px !important;}&#8220;][vc_column_text]Bauhaus Center Tel Aviv<br \/>\nDizengoff Strasse 77<br \/>\nTel Aviv, 6433249<\/p>\n<p>Telefon: (+972)3-522-0249<br \/>\nE-Mail: <a href=\"mailto:info@bauhaus-center.com\">info@bauhaus-center.com<\/a>[\/vc_column_text][\/vc_column][\/vc_row]<\/p>\n<\/section>","protected":false},"excerpt":{"rendered":"<p>[vc_row][vc_column][vc_custom_heading text=&#8220;Adresse &amp; \u00d6ffnungszeiten Bauhaus Center Tel Aviv&#8220; use_theme_fonts=&#8220;yes&#8220; css=&#8220;.vc_custom_1512995232003{margin-bottom: 12px !important;}&#8220;][\/vc_column][\/vc_row][vc_row][vc_column][vc_column_text]Das Bauhaus Center Tel Aviv befindet sich in der&#8230;<\/p>\n","protected":false},"author":1,"featured_media":0,"parent":0,"menu_order":0,"comment_status":"closed","ping_status":"closed","template":"","meta":{"footnotes":""},"class_list":["post-3187","page","type-page","status-publish","hentry"],"aioseo_notices":[],"_links":{"self":[{"href":"https:\/\/bauhaus-center.com\/de\/wp-json\/wp\/v2\/pages\/3187","targetHints":{"allow":["GET"]}}],"collection":[{"href":"https:\/\/bauhaus-center.com\/de\/wp-json\/wp\/v2\/pages"}],"about":[{"href":"https:\/\/bauhaus-center.com\/de\/wp-json\/wp\/v2\/types\/page"}],"author":[{"embeddable":true,"href":"https:\/\/bauhaus-center.com\/de\/wp-json\/wp\/v2\/users\/1"}],"replies":[{"embeddable":true,"href":"https:\/\/bauhaus-center.com\/de\/wp-json\/wp\/v2\/comments?post=3187"}],"version-history":[{"count":4,"href":"https:\/\/bauhaus-center.com\/de\/wp-json\/wp\/v2\/pages\/3187\/revisions"}],"predecessor-version":[{"id":5279,"href":"https:\/\/bauhaus-center.com\/de\/wp-json\/wp\/v2\/pages\/3187\/revisions\/5279"}],"wp:attachment":[{"href":"https:\/\/bauhaus-center.com\/de\/wp-json\/wp\/v2\/media?parent=3187"}],"curies":[{"name":"wp","href":"https:\/\/api.w.org\/{rel}","templated":true}]}}