{"id":3189,"date":"2019-11-14T11:13:23","date_gmt":"2019-11-14T09:13:23","guid":{"rendered":"https:\/\/vwlzlsw11gw.c.updraftclone.com\/bauhaus-center-galerie-tel-aviv\/"},"modified":"2023-05-08T08:21:18","modified_gmt":"2023-05-08T06:21:18","slug":"bauhaus-center-galerie-tel-aviv","status":"publish","type":"page","link":"https:\/\/bauhaus-center.com\/de\/bauhaus-center-galerie-tel-aviv\/","title":{"rendered":"Bauhaus Center Galerie, Tel Aviv"},"content":{"rendered":"<section class=\"wpb-content-wrapper\"><p>[vc_row][vc_column][vc_custom_heading text=&#8220;Bauhaus Center Galerie: Ausstellungen (freier Eintritt)&#8220; font_container=&#8220;tag:h1|text_align:left&#8220; use_theme_fonts=&#8220;yes&#8220; css=&#8220;.vc_custom_1536307980747{margin-bottom: 20px !important;}&#8220;][\/vc_column][\/vc_row][vc_row css=&#8220;.vc_custom_1559806113968{margin-bottom: 0px !important;}&#8220;][vc_column width=&#8220;3\/4&#8243; css=&#8220;.vc_custom_1559806064006{margin-right: 25px !important;margin-bottom: 0px !important;}&#8220;][vc_column_text]<strong>Wir entwickeln und veranstalten Ausstellungen rund um das Thema Bauhaus und International Style mit Fokus auf Tel Aviv. Wir zeigen reich dokumentierte Foto-Ausstellungen \u00fcber Architektur und Design genauso wie Einzelausstellungen von K\u00fcnstlern und Designern. <\/strong><\/p>\n<p>Viele unserer Bauhaus Center Ausstellungen werden in Museen und Bildungsinstitutionen rund um die Welt gezeigt, unter anderem in Belgrad, Frankfurt, Leipzig, Miami, Moskau, Novi Sad, Riga, Stuttgart, Treviso, Ulm, etc.\u00a0Mehr Informationen \u00fcber unsere <a href=\"https:\/\/bauhaus-center.com\/bauhaus-architecture-exhibitions-for-rent\/\">Leih-Ausstellungen finden Sie hier auf unserer englischen Seite &gt;&gt;<\/a>.[\/vc_column_text][vc_column_text]<\/p>\n<h3><img decoding=\"async\" class=\"alignright wp-image-5237 size-thumbnail lazyload\" style=\"--smush-placeholder-width: 768px; --smush-placeholder-aspect-ratio: 768\/636;margin-top: 6px; border: 1px solid grey;\" data-src=\"\/wp-content\/uploads\/2023\/04\/unnamed-1-scaled-e1682700567744-768x636.jpg\" alt=\"\" width=\"370\" src=\"data:image\/svg+xml;base64,PHN2ZyB3aWR0aD0iMSIgaGVpZ2h0PSIxIiB4bWxucz0iaHR0cDovL3d3dy53My5vcmcvMjAwMC9zdmciPjwvc3ZnPg==\" \/>Jetzt aktuell | <a href=\"https:\/\/bauhaus-center.com\/de\/gallery-art-exhibition\/coming-soon-on-may-4th-herzls-vision-today\/\">Herzl&#8217;s Vision &#8211; heute<\/a><\/h3>\n<p>Anl\u00e4sslich des 75. Unabh\u00e4ngigkeitstages Israels laden wir Sie zu einer neuen Ausstellung ein: Eine Auswahl zeitgen\u00f6ssische israelische K\u00fcnstler pr\u00e4sentiert ihre Interpretation von Herzls Vision in den Medien Malerei, Illustration und Skulptur.<\/p>\n<p>Begleitend zur Ausstellung erscheint das Buch \u201eHerzl\u2019s Vision Today\u201c, herausgegeben zum 120. Jahrestag von Herzls utopischem Buch \u201eAltneuland\u201c, einer Initiative von Carol Manheim, Herausgeberin der Artists Choice Editions.<\/p>\n<p>Das Buch enth\u00e4lt eine Vielzahl von Artikeln und Bildern von Dutzenden israelischer K\u00fcnstler, von denen einige an dieser Ausstellung teilnehmen.<\/p>\n<p>Die Ausstellung ist bis zum 25. Juni 2023 im Bauhaus Center Tel Aviv zu sehen.<\/p>\n<div style=\"clear: both;\"><\/div>\n<p>[\/vc_column_text][\/vc_column][vc_column width=&#8220;1\/4&#8243; css=&#8220;.vc_custom_1535910724637{margin-top: 0px !important;margin-bottom: 0px !important;padding-top: 8px !important;padding-right: 40px !important;padding-bottom: 0px !important;padding-left: 15px !important;}&#8220;][vc_custom_heading text=&#8220;\u00d6FFNUNGSZEITEN&#8220; font_container=&#8220;tag:h5|font_size:15|text_align:left&#8220; google_fonts=&#8220;font_family:Raleway%3A100%2C200%2C300%2Cregular%2C500%2C600%2C700%2C800%2C900|font_style:400%20regular%3A400%3Anormal&#8220; css=&#8220;.vc_custom_1658642036521{margin-bottom: 12px !important;}&#8220;][vc_column_text el_class=&#8220;textwidget&#8220;]<\/p>\n<div style=\"width: 100%; font-size: 12px; line-height: 1.6em;\">\n<div style=\"float: left;\">So\u2013Do<br \/>\nFr<br \/>\nSa<br \/>\nFeiertage<\/div>\n<div style=\"float: right; text-align: right;\">09:30 &#8211; 20:00<br \/>\n10:00 &#8211; 15:00<br \/>\nGeschlossen<br \/>\n<a href=\"\/de\/kontakt-und-adresse\/\">Kontaktieren Sie uns<\/a><\/div>\n<\/div>\n<div style=\"clear: both;\"><\/div>\n<p>[\/vc_column_text][vc_empty_space height=&#8220;12px&#8220;][vc_custom_heading text=&#8220;ADRESSE&#8220; font_container=&#8220;tag:h5|font_size:15|text_align:left&#8220; google_fonts=&#8220;font_family:Raleway%3A100%2C200%2C300%2Cregular%2C500%2C600%2C700%2C800%2C900|font_style:400%20regular%3A400%3Anormal&#8220; css=&#8220;.vc_custom_1510736380898{margin-bottom: 12px !important;}&#8220;][vc_column_text]<\/p>\n<div style=\"font-size: 12px; line-height: 1.6em;\">Dizengoff Strasse 77<br \/>\nTel Aviv, 6433249<br \/>\nTelefon: (+972)3-522-0249<br \/>\nE-Mail: <a title=\"\" href=\"mailto:info@bauhaus-center.com?subject=Inquiry%20from%20website\">info@bauhaus-center.com<\/a><\/div>\n<p>[\/vc_column_text][vc_empty_space height=&#8220;12px&#8220;][vc_custom_heading text=&#8220;NEWSLETTER&#8220; font_container=&#8220;tag:h5|font_size:15|text_align:left&#8220; google_fonts=&#8220;font_family:Raleway%3A100%2C200%2C300%2Cregular%2C500%2C600%2C700%2C800%2C900|font_style:400%20regular%3A400%3Anormal&#8220; css=&#8220;.vc_custom_1536042072494{margin-bottom: 12px !important;}&#8220;][vc_column_text]Registrieren Sie sich und erhalten Sie Neuigkeiten \u00fcber unsere Ausstellungen und Sonderangebote::<\/p>\n<p><!-- Begin MailChimp Signup Form --><\/p>\n<style type=\"text\/css\">\n\t#mc_embed_signup{background:#fff;border: 1px solid #ddd; padding: 4px; clear:left; font:14px Helvetica,Arial,sans-serif; }<br \/>\t\/* Add your own MailChimp form style overrides in your site stylesheet or in this style block.<br \/>\t   We recommend moving this block and the preceding CSS link to the HEAD of your HTML file. *\/<br \/><\/style>\n<div id=\"mc_embed_signup\">\n<form id=\"mc-embedded-subscribe-form\" class=\"validate\" action=\"https:\/\/bauhaus-center.us9.list-manage.com\/subscribe\/post?u=1e8f4691b293d0ee90d29a080&amp;id=47e1c0f54d\" method=\"post\" name=\"mc-embedded-subscribe-form\" novalidate=\"\" target=\"_blank\">\n<div id=\"mc_embed_signup_scroll\">\n<div class=\"mc-field-group\"><label style=\"margin-bottom: -10px;\" for=\"mce-EMAIL\">Your Email Address<\/label><br \/>\n<input id=\"mce-EMAIL\" class=\"required email\" name=\"EMAIL\" type=\"email\" value=\"\" \/><\/div>\n<div id=\"mce-responses\" class=\"clear\">\n<div id=\"mce-error-response\" class=\"response\" style=\"display: none;\"><\/div>\n<div id=\"mce-success-response\" class=\"response\" style=\"display: none;\"><\/div>\n<\/div>\n<p><!-- real people should not fill this in and expect good things - do not remove this or risk form bot signups--><\/p>\n<div style=\"position: absolute; left: -5000px;\" aria-hidden=\"true\"><input tabindex=\"-1\" name=\"b_1e8f4691b293d0ee90d29a080_47e1c0f54d\" type=\"text\" value=\"\" \/><\/div>\n<div class=\"show\"><input id=\"mc-embedded-subscribe\" class=\"button\" name=\"subscribe\" type=\"submit\" value=\"Subscribe\" \/><\/div>\n<\/div>\n<\/form>\n<\/div>\n<p><!--End mc_embed_signup-->[\/vc_column_text][vc_custom_heading text=&#8220;FOLGEN SIE UNS AUF FACEBOOK&#8220; font_container=&#8220;tag:h5|font_size:15|text_align:left&#8220; google_fonts=&#8220;font_family:Raleway%3A100%2C200%2C300%2Cregular%2C500%2C600%2C700%2C800%2C900|font_style:400%20regular%3A400%3Anormal&#8220; css=&#8220;.vc_custom_1536042512806{margin-bottom: 12px !important;}&#8220;][vc_raw_html]PGRpdiBjbGFzcz0iZmItcGFnZSIgZGF0YS1ocmVmPSJodHRwczovL3d3dy5mYWNlYm9vay5jb20vYmF1aGF1cy5jZW50ZXIiIGRhdGEtd2lkdGg9IjI1MCIgZGF0YS1zbWFsbC1oZWFkZXI9ImZhbHNlIiBkYXRhLWFkYXB0LWNvbnRhaW5lci13aWR0aD0idHJ1ZSIgZGF0YS1oaWRlLWNvdmVyPSJmYWxzZSIgZGF0YS1zaG93LWZhY2VwaWxlPSJ0cnVlIj4NCjxibG9ja3F1b3RlIGNsYXNzPSJmYi14ZmJtbC1wYXJzZS1pZ25vcmUiIGNpdGU9Imh0dHBzOi8vd3d3LmZhY2Vib29rLmNvbS9iYXVoYXVzLmNlbnRlciI+PGEgaHJlZj0iaHR0cHM6Ly93d3cuZmFjZWJvb2suY29tL2JhdWhhdXMuY2VudGVyIj7igI5CYXVoYXVzIENlbnRlciBUZWwtQXZpdiB8INee16jXm9eWINeR15DXldeU15DXldehINeq15wt15DXkdeZ15HigI48L2E+PC9ibG9ja3F1b3RlPg0KPC9kaXY+[\/vc_raw_html][\/vc_column][\/vc_row][vc_row][vc_column][vc_empty_space height=&#8220;20px&#8220;][vc_custom_heading text=&#8220;Archiv | Zuk\u00fcnftige, aktuelle und vergangene Ausstellungen&#8220; use_theme_fonts=&#8220;yes&#8220; css=&#8220;.vc_custom_1568972207730{margin-bottom: 20px !important;}&#8220;][vc_empty_space height=&#8220;40px&#8220;][\/vc_column][\/vc_row]<\/p>\n<\/section>","protected":false},"excerpt":{"rendered":"<p>[vc_row][vc_column][vc_custom_heading text=&#8220;Bauhaus Center Galerie: Ausstellungen (freier Eintritt)&#8220; font_container=&#8220;tag:h1|text_align:left&#8220; use_theme_fonts=&#8220;yes&#8220; css=&#8220;.vc_custom_1536307980747{margin-bottom: 20px !important;}&#8220;][\/vc_column][\/vc_row][vc_row css=&#8220;.vc_custom_1559806113968{margin-bottom: 0px !important;}&#8220;][vc_column width=&#8220;3\/4&#8243; css=&#8220;.vc_custom_1559806064006{margin-right: 25px !important;margin-bottom: 0px&#8230;<\/p>\n","protected":false},"author":1,"featured_media":0,"parent":0,"menu_order":0,"comment_status":"closed","ping_status":"closed","template":"template-works.php","meta":{"footnotes":""},"class_list":["post-3189","page","type-page","status-publish","hentry"],"aioseo_notices":[],"_links":{"self":[{"href":"https:\/\/bauhaus-center.com\/de\/wp-json\/wp\/v2\/pages\/3189","targetHints":{"allow":["GET"]}}],"collection":[{"href":"https:\/\/bauhaus-center.com\/de\/wp-json\/wp\/v2\/pages"}],"about":[{"href":"https:\/\/bauhaus-center.com\/de\/wp-json\/wp\/v2\/types\/page"}],"author":[{"embeddable":true,"href":"https:\/\/bauhaus-center.com\/de\/wp-json\/wp\/v2\/users\/1"}],"replies":[{"embeddable":true,"href":"https:\/\/bauhaus-center.com\/de\/wp-json\/wp\/v2\/comments?post=3189"}],"version-history":[{"count":24,"href":"https:\/\/bauhaus-center.com\/de\/wp-json\/wp\/v2\/pages\/3189\/revisions"}],"predecessor-version":[{"id":5524,"href":"https:\/\/bauhaus-center.com\/de\/wp-json\/wp\/v2\/pages\/3189\/revisions\/5524"}],"wp:attachment":[{"href":"https:\/\/bauhaus-center.com\/de\/wp-json\/wp\/v2\/media?parent=3189"}],"curies":[{"name":"wp","href":"https:\/\/api.w.org\/{rel}","templated":true}]}}