{"id":3289,"date":"2019-11-20T12:53:12","date_gmt":"2019-11-20T10:53:12","guid":{"rendered":"https:\/\/vwlzlsw11gw.c.updraftclone.com\/bauhaus-center-fuhrungen\/"},"modified":"2023-05-28T12:54:08","modified_gmt":"2023-05-28T10:54:08","slug":"fuhrungen-tel-aviv","status":"publish","type":"page","link":"https:\/\/bauhaus-center.com\/de\/fuhrungen-tel-aviv\/","title":{"rendered":"Bauhaus in Tel Aviv &#8211; F\u00fchrungen"},"content":{"rendered":"<h1>Tel Aviv Bauhaus F\u00fchrungen<\/h1>\n<p><strong>Das Bauhaus Center ist seit 20 Jahren spezialisiert auf Stadtf\u00fchrungen durch die <em>Weisse Stadt <\/em>von Tel Aviv. Unsere <em>White City Tour<\/em> ist ein Klassiker und geh\u00f6rt zum Pflichtprogramm f\u00fcr jeden Tel Aviv-Besucher.<\/strong><\/p>\n<p>Unsere Bauhaus-Tour wird von lizensierten Guides und Experten durchgef\u00fchrt. Wir f\u00fchren Sie zu einer Auswahl der bemerkenswertesten Bauhaus-Geb\u00e4ude und machen den einmaligen st\u00e4dtebaulichen Entwurf Tel Avivs und die Bauhaus-Architektur erlebbar. Die Tel Aviv White City Bauhaus-F\u00fchrung wird in verschiedenen Sprachen angeboten (siehe Angebot unten).<br \/>\n<div class=\"row column-row nor-shortcodes\"><br \/>\n<div class=\"one-half column\"><\/p>\n<h3>Was beinhaltet die Tel Aviv Bauhaus Tour?<\/h3>\n<p>Die Tel Aviv White City Bauhaus Tour f\u00fchrt Sie zu den sehenswertesten &#8222;Spots&#8220; der Weissen Stadt, die in den 1930er und 1940er Jahren errichtet wurde. Sie werden entdecken, dass die funktionale Bauhausarchitektur nicht nur beindruckende Objekte geschaffen hat, sondern auch ein harmonisches Stadtbild, welches weltweit einzigartig ist.<\/p>\n<\/div><br \/>\n<div class=\"one-half column\"><p>\n<img decoding=\"async\" class=\"wp-image-3290 size-full lazyload\" data-src=\"https:\/\/bauhaus-center.com\/wp-content\/uploads\/2018\/03\/Israel-Ministry-of-Tourism.jpg\" alt=\"\" width=\"350px;\" data-srcset=\"https:\/\/bauhaus-center.com\/wp-content\/uploads\/2018\/03\/Israel-Ministry-of-Tourism.jpg 380w, https:\/\/bauhaus-center.com\/wp-content\/uploads\/2018\/03\/Israel-Ministry-of-Tourism-370x146.jpg 370w\" data-sizes=\"(max-width: 380px) 100vw, 380px\" src=\"data:image\/svg+xml;base64,PHN2ZyB3aWR0aD0iMSIgaGVpZ2h0PSIxIiB4bWxucz0iaHR0cDovL3d3dy53My5vcmcvMjAwMC9zdmciPjwvc3ZnPg==\" style=\"--smush-placeholder-width: 380px; --smush-placeholder-aspect-ratio: 380\/150;\" \/><br \/>\n<strong><em>Wir sind der einzige Anbieter von Bauhaus Stadtf\u00fchrungen mit Lizenz des israelischen Ministry of Tourism<\/em><\/strong><\/p>\n<\/div><br \/>\n<\/div>\n<h2 style=\"clear: both; margin-top: 24px;\">W\u00f6chentliche Bauhaus Touren \u2013 jeden Freitag und Sonntag um 10.00 Uhr<\/h2>\n<p>Unsere klassische Bauhaus Touren auf englisch startet jeden Freitag und Sonntag um 10:00 Uhr beim Bauhaus Center an der Dizengoff Strasse 77. Die\u00a0 Teilnehmer und Teilnehmerinnen sind gebeten sich um 9.45 h einzufinden, um die Tickets zu erwerben. Mit dem untenstehenden Formular k\u00f6nnen Sie ihren Platz reservieren.<\/p>\n<div class=\"row column-row nor-shortcodes\"><br \/>\n<div class=\"one-half column\"><\/p>\n<ul style=\"margin-bottom: 16px;\">\n<li>Wann: jeden Freitag und Sonntag<\/li>\n<li>Dauer: 2 Stunden<\/li>\n<li>Inbegriffen: Einf\u00fchrungsfilm<\/li>\n<li>Sprachen: Englisch*<\/li>\n<li>Kosten: 90 NIS pro Person<\/li>\n<\/ul>\n<p>* Bitte registrieren Sie sich mit untenstehendem Formular<\/p>\n<\/div><br \/>\n<div class=\"one-half column\"><p>\n<img decoding=\"async\" class=\"alignright size-full wp-image-3768 lazyload\" data-src=\"https:\/\/bauhaus-center.com\/wp-content\/uploads\/2020\/01\/Telaviv-Bauhaus-Fuehrung.jpg\" alt=\"\" width=\"700\" height=\"400\" data-srcset=\"https:\/\/bauhaus-center.com\/wp-content\/uploads\/2020\/01\/Telaviv-Bauhaus-Fuehrung.jpg 700w, https:\/\/bauhaus-center.com\/wp-content\/uploads\/2020\/01\/Telaviv-Bauhaus-Fuehrung-370x211.jpg 370w, https:\/\/bauhaus-center.com\/wp-content\/uploads\/2020\/01\/Telaviv-Bauhaus-Fuehrung-540x309.jpg 540w\" data-sizes=\"(max-width: 700px) 100vw, 700px\" src=\"data:image\/svg+xml;base64,PHN2ZyB3aWR0aD0iMSIgaGVpZ2h0PSIxIiB4bWxucz0iaHR0cDovL3d3dy53My5vcmcvMjAwMC9zdmciPjwvc3ZnPg==\" style=\"--smush-placeholder-width: 700px; --smush-placeholder-aspect-ratio: 700\/400;\" \/><\/p>\n<\/div><br \/>\n<\/div>\n<h2 style=\"padding-top: 40px;\">Audioguides (Regular \/ Professional) \u2013 6 Tage die Woche<\/h2>\n<p>Unser beliebter Audioguide ist in sieben Sprachen (inkl. deutsch) erh\u00e4ltlich.\u00a0 Die Audi-Tour kann von 10 Uhr an alle 30 Minuten begonnen werden. Eine erweiterte Version mit Zusatz-Informationen f\u00fcr Experten und Interessierte ist ebenfalls verf\u00fcgbar. Der <strong>Professional-Audioguide<\/strong> f\u00fchrt zu denselben Orten wie der Regular-Audioguide, beinhaltet aber vertiefte Erkl\u00e4rungen und Beschreibungen. Mit dem untenstehenden Formular k\u00f6nnen Sie ihren Platz reservieren.<br \/>\n<div class=\"row column-row nor-shortcodes\"><br \/>\n<div class=\"one-half column\"><\/p>\n<ul>\n<li>Wann: t\u00e4glich (Sommer: 10,00\u201317.00 Uhr; Winter: 10.00\u201315.00 Uhr)<\/li>\n<li>Dauer regul\u00e4re Audiotour: 1.5 Stunden<br \/>\n(90 NIS pro Person)<\/li>\n<li>Dauer erweiterte Audiotour: 2 Stunden<br \/>\n(110 NIS pro Person)<\/li>\n<li>Inbegriffen: Einf\u00fchrungsfilm und Stadtplan<\/li>\n<li>Sprachen: Chinesisch, Deutsch, Englisch, Franz\u00f6sisch, Hebr\u00e4isch, Russisch, Spanisch<\/li>\n<\/ul>\n<p>\n<\/div><br \/>\n<div class=\"one-half column\"><p>\n<img decoding=\"async\" width=\"1080\" height=\"810\" class=\"wp-image-3607 lazyload\" data-src=\"https:\/\/bauhaus-center.com\/wp-content\/uploads\/2020\/01\/bauhaus_tel_aviv_3.jpg\" alt=\"\" data-srcset=\"https:\/\/bauhaus-center.com\/wp-content\/uploads\/2020\/01\/bauhaus_tel_aviv_3.jpg 1080w, https:\/\/bauhaus-center.com\/wp-content\/uploads\/2020\/01\/bauhaus_tel_aviv_3-370x278.jpg 370w, https:\/\/bauhaus-center.com\/wp-content\/uploads\/2020\/01\/bauhaus_tel_aviv_3-768x576.jpg 768w, https:\/\/bauhaus-center.com\/wp-content\/uploads\/2020\/01\/bauhaus_tel_aviv_3-540x405.jpg 540w, https:\/\/bauhaus-center.com\/wp-content\/uploads\/2020\/01\/bauhaus_tel_aviv_3-920x690.jpg 920w\" data-sizes=\"(max-width: 1080px) 100vw, 1080px\" src=\"data:image\/svg+xml;base64,PHN2ZyB3aWR0aD0iMSIgaGVpZ2h0PSIxIiB4bWxucz0iaHR0cDovL3d3dy53My5vcmcvMjAwMC9zdmciPjwvc3ZnPg==\" style=\"--smush-placeholder-width: 1080px; --smush-placeholder-aspect-ratio: 1080\/810;\" \/><\/p>\n<\/div><br \/>\n<\/div>\n<h2 style=\"padding-top: 40px;\">Private F\u00fchrungen<\/h2>\n<p>Private F\u00fchrungen und F\u00fchrungen f\u00fcr Gruppen k\u00f6nnen auf Anfrage organisiert werden. Bitte kontaktieren Sie uns, um Details zu besprechen.<br \/>\n<div class=\"row column-row nor-shortcodes\"><br \/>\n<div class=\"one-half column\"><\/p>\n<ul>\n<li>Wann: nach Vereinbarung<\/li>\n<li>Dauer: 2 Stunden oder nach Vereinbarung<\/li>\n<li>Inbegriffen: Einf\u00fchrungsfilm<\/li>\n<li>Sprachen: Englisch, Franz\u00f6sisch, Deutsch, Hebr\u00e4isch, Russisch<\/li>\n<li>Kosten: auf Anfrage<\/li>\n<\/ul>\n<p>\n<\/div><br \/>\n<div class=\"one-half column\"><p>\n<img decoding=\"async\" width=\"1080\" height=\"720\" class=\"alignright wp-image-3631 lazyload\" data-src=\"https:\/\/bauhaus-center.com\/wp-content\/uploads\/2020\/01\/bauhaus_tel_aviv_5-1.jpg\" alt=\"\" data-srcset=\"https:\/\/bauhaus-center.com\/wp-content\/uploads\/2020\/01\/bauhaus_tel_aviv_5-1.jpg 1080w, https:\/\/bauhaus-center.com\/wp-content\/uploads\/2020\/01\/bauhaus_tel_aviv_5-1-370x247.jpg 370w, https:\/\/bauhaus-center.com\/wp-content\/uploads\/2020\/01\/bauhaus_tel_aviv_5-1-768x512.jpg 768w, https:\/\/bauhaus-center.com\/wp-content\/uploads\/2020\/01\/bauhaus_tel_aviv_5-1-540x360.jpg 540w, https:\/\/bauhaus-center.com\/wp-content\/uploads\/2020\/01\/bauhaus_tel_aviv_5-1-920x613.jpg 920w\" data-sizes=\"(max-width: 1080px) 100vw, 1080px\" src=\"data:image\/svg+xml;base64,PHN2ZyB3aWR0aD0iMSIgaGVpZ2h0PSIxIiB4bWxucz0iaHR0cDovL3d3dy53My5vcmcvMjAwMC9zdmciPjwvc3ZnPg==\" style=\"--smush-placeholder-width: 1080px; --smush-placeholder-aspect-ratio: 1080\/720;\" \/><\/p>\n<\/div><br \/>\n<\/div>\n<h2 style=\"padding-top: 15px;\">Familien Tour<\/h2>\n<div class=\"row column-row nor-shortcodes\"><br \/>\n<div class=\"one-half column\"><p>\nDie Geschenk-Idee f\u00fcr die ganze Familie.<br \/>\nBitte kontaktieren Sie uns!<\/p>\n<\/div><br \/>\n<\/div>\n<h2 style=\"padding-top: 40px;\">Bauhaus Tour Anmeldung<\/h2>\n\n<div class=\"wpcf7 no-js\" id=\"wpcf7-f3288-o1\" lang=\"en-US\" dir=\"ltr\" data-wpcf7-id=\"3288\">\n<div class=\"screen-reader-response\"><p role=\"status\" aria-live=\"polite\" aria-atomic=\"true\"><\/p> <ul><\/ul><\/div>\n<form action=\"\/de\/wp-json\/wp\/v2\/pages\/3289#wpcf7-f3288-o1\" method=\"post\" class=\"wpcf7-form init\" aria-label=\"Contact form\" novalidate=\"novalidate\" data-status=\"init\">\n<fieldset class=\"hidden-fields-container\"><input type=\"hidden\" name=\"_wpcf7\" value=\"3288\" \/><input type=\"hidden\" name=\"_wpcf7_version\" value=\"6.1.5\" \/><input type=\"hidden\" name=\"_wpcf7_locale\" value=\"en_US\" \/><input type=\"hidden\" name=\"_wpcf7_unit_tag\" value=\"wpcf7-f3288-o1\" \/><input type=\"hidden\" name=\"_wpcf7_container_post\" value=\"0\" \/><input type=\"hidden\" name=\"_wpcf7_posted_data_hash\" value=\"\" \/><input type=\"hidden\" name=\"_wpcf7_recaptcha_response\" value=\"\" \/>\n<\/fieldset>\n<div style=\"width:100%;\">\n\t<div style=\"float:left;padding-right:0px;width:45%;\">\n\t\t<p><label> Datum\/Daten *<br \/>\n<span class=\"wpcf7-form-control-wrap\" data-name=\"Dates\"><input size=\"40\" maxlength=\"400\" class=\"wpcf7-form-control wpcf7-text wpcf7-validates-as-required\" aria-required=\"true\" aria-invalid=\"false\" value=\"\" type=\"text\" name=\"Dates\" \/><\/span><br \/>\n<\/label>\n\t\t<\/p>\n\t<\/div>\n\t<div style=\"float:left;padding-left:15px;padding-right:0px;display:inline;width:55%\">\n\t\t<p><label> Tour w\u00e4hlen<br \/>\n<span class=\"wpcf7-form-control-wrap\" data-name=\"tours\"><select class=\"wpcf7-form-control wpcf7-select\" aria-invalid=\"false\" name=\"tours\"><option value=\"Bauhaus Tour Tel Aviv\">Bauhaus Tour Tel Aviv<\/option><option value=\"Jaffa\">Jaffa<\/option><option value=\"Neveh Tzedek\">Neveh Tzedek<\/option><option value=\"Lev Ha Yir\">Lev Ha Yir<\/option><option value=\"Jerusalem\">Jerusalem<\/option><option value=\"Akko\">Akko<\/option><option value=\"Masada Tagesausflug\">Masada Tagesausflug<\/option><option value=\"F\u00fcr mehrere Touren kontaktieren Sie uns bitte\">F\u00fcr mehrere Touren kontaktieren Sie uns bitte<\/option><\/select><\/span><br \/>\n<\/label>\n\t\t<\/p>\n\t<\/div>\n<\/div>\n<div style=\"clear:both;margin-bottom:18px;\">\n<\/div>\n<p><label> Bevorzugte Sprache(n) *<\/label>\n<\/p>\n<div style=\"width:100%;\">\n\t<div style=\"float:left;padding-right:18px;display:inline;position:relative;\">\n\t\t<p><span class=\"wpcf7-form-control-wrap\" data-name=\"tour-language\"><span class=\"wpcf7-form-control wpcf7-checkbox wpcf7-validates-as-required\"><span class=\"wpcf7-list-item first\"><label><input type=\"checkbox\" name=\"tour-language[]\" value=\"Chinesisch\" \/><span class=\"wpcf7-list-item-label\">Chinesisch<\/span><\/label><\/span><span class=\"wpcf7-list-item\"><label><input type=\"checkbox\" name=\"tour-language[]\" value=\"Deutsch\" \/><span class=\"wpcf7-list-item-label\">Deutsch<\/span><\/label><\/span><span class=\"wpcf7-list-item\"><label><input type=\"checkbox\" name=\"tour-language[]\" value=\"Englisch\" \/><span class=\"wpcf7-list-item-label\">Englisch<\/span><\/label><\/span><span class=\"wpcf7-list-item\"><label><input type=\"checkbox\" name=\"tour-language[]\" value=\"Franz\u00f6sisch\" \/><span class=\"wpcf7-list-item-label\">Franz\u00f6sisch<\/span><\/label><\/span><span class=\"wpcf7-list-item\"><label><input type=\"checkbox\" name=\"tour-language[]\" value=\"Hebr\u00e4isch\" \/><span class=\"wpcf7-list-item-label\">Hebr\u00e4isch<\/span><\/label><\/span><span class=\"wpcf7-list-item\"><label><input type=\"checkbox\" name=\"tour-language[]\" value=\"Russisch\" \/><span class=\"wpcf7-list-item-label\">Russisch<\/span><\/label><\/span><span class=\"wpcf7-list-item\"><label><input type=\"checkbox\" name=\"tour-language[]\" value=\"Spanisch\" \/><span class=\"wpcf7-list-item-label\">Spanisch<\/span><\/label><\/span><span class=\"wpcf7-list-item last\"><label><input type=\"checkbox\" name=\"tour-language[]\" value=\"Andere\" \/><span class=\"wpcf7-list-item-label\">Andere<\/span><\/label><\/span><\/span><\/span>\n\t\t<\/p>\n\t<\/div>\n<\/div>\n<div style=\"clear:both;margin-bottom:18px;\">\n<\/div>\n<p><label> Ihr Name *<br \/>\n<span class=\"wpcf7-form-control-wrap\" data-name=\"your-name\"><input size=\"40\" maxlength=\"400\" class=\"wpcf7-form-control wpcf7-text wpcf7-validates-as-required\" aria-required=\"true\" aria-invalid=\"false\" value=\"\" type=\"text\" name=\"your-name\" \/><\/span> <\/label>\n<\/p>\n<p><label> Ihre Email Adresse *<br \/>\n<span class=\"wpcf7-form-control-wrap\" data-name=\"your-email\"><input size=\"40\" maxlength=\"400\" class=\"wpcf7-form-control wpcf7-email wpcf7-validates-as-required wpcf7-text wpcf7-validates-as-email\" aria-required=\"true\" aria-invalid=\"false\" value=\"\" type=\"email\" name=\"your-email\" \/><\/span> <\/label>\n<\/p>\n<p><label> Bitte Email zur Sicherheit nochmals eingeben *<br \/>\n<span class=\"wpcf7-form-control-wrap\" data-name=\"your-email-confirm\"><input size=\"40\" maxlength=\"400\" class=\"wpcf7-form-control wpcf7-email wpcf7-validates-as-required wpcf7-text wpcf7-validates-as-email\" aria-required=\"true\" aria-invalid=\"false\" value=\"\" type=\"email\" name=\"your-email-confirm\" \/><\/span> <\/label>\n<\/p>\n<p><label> Ihre Telefonnummer<br \/>\n<span class=\"wpcf7-form-control-wrap\" data-name=\"tel-552\"><input size=\"40\" maxlength=\"400\" class=\"wpcf7-form-control wpcf7-tel wpcf7-text wpcf7-validates-as-tel\" aria-invalid=\"false\" value=\"\" type=\"tel\" name=\"tel-552\" \/><\/span><\/label>\n<\/p>\n<p><label> Ihre Nachricht<br \/>\n<span class=\"wpcf7-form-control-wrap\" data-name=\"your-message\"><textarea cols=\"40\" rows=\"10\" maxlength=\"2000\" class=\"wpcf7-form-control wpcf7-textarea\" aria-invalid=\"false\" name=\"your-message\"><\/textarea><\/span> <\/label>\n<\/p>\n<p><input class=\"wpcf7-form-control wpcf7-submit has-spinner\" type=\"submit\" value=\"Senden\" \/>\n<\/p>\n<p>* Pflichtfelder\n<\/p><p style=\"display: none !important;\" class=\"akismet-fields-container\" data-prefix=\"_wpcf7_ak_\"><label>&#916;<textarea name=\"_wpcf7_ak_hp_textarea\" cols=\"45\" rows=\"8\" maxlength=\"100\"><\/textarea><\/label><input type=\"hidden\" id=\"ak_js_1\" name=\"_wpcf7_ak_js\" value=\"145\"\/><script>document.getElementById( \"ak_js_1\" ).setAttribute( \"value\", ( new Date() ).getTime() );<\/script><\/p><div class=\"wpcf7-response-output\" aria-hidden=\"true\"><\/div>\n<\/form>\n<\/div>\n\n","protected":false},"excerpt":{"rendered":"<p>Das Bauhaus Center ist seit 20 Jahren spezialisiert auf Stadtf\u00fchrungen durch die Weisse Stadt von Tel Aviv. Unsere Bauhaus-F\u00fchrung geh\u00f6rt zum Pflichtprogramm f\u00fcr jeden Tel Aviv-Besucher.<\/p>\n","protected":false},"author":1,"featured_media":3693,"parent":0,"menu_order":0,"comment_status":"closed","ping_status":"closed","template":"","meta":{"footnotes":""},"class_list":["post-3289","page","type-page","status-publish","has-post-thumbnail","hentry"],"aioseo_notices":[],"_links":{"self":[{"href":"https:\/\/bauhaus-center.com\/de\/wp-json\/wp\/v2\/pages\/3289","targetHints":{"allow":["GET"]}}],"collection":[{"href":"https:\/\/bauhaus-center.com\/de\/wp-json\/wp\/v2\/pages"}],"about":[{"href":"https:\/\/bauhaus-center.com\/de\/wp-json\/wp\/v2\/types\/page"}],"author":[{"embeddable":true,"href":"https:\/\/bauhaus-center.com\/de\/wp-json\/wp\/v2\/users\/1"}],"replies":[{"embeddable":true,"href":"https:\/\/bauhaus-center.com\/de\/wp-json\/wp\/v2\/comments?post=3289"}],"version-history":[{"count":30,"href":"https:\/\/bauhaus-center.com\/de\/wp-json\/wp\/v2\/pages\/3289\/revisions"}],"predecessor-version":[{"id":5563,"href":"https:\/\/bauhaus-center.com\/de\/wp-json\/wp\/v2\/pages\/3289\/revisions\/5563"}],"wp:featuredmedia":[{"embeddable":true,"href":"https:\/\/bauhaus-center.com\/de\/wp-json\/wp\/v2\/media\/3693"}],"wp:attachment":[{"href":"https:\/\/bauhaus-center.com\/de\/wp-json\/wp\/v2\/media?parent=3289"}],"curies":[{"name":"wp","href":"https:\/\/api.w.org\/{rel}","templated":true}]}}