{"id":3587,"date":"2020-01-15T17:45:25","date_gmt":"2020-01-15T15:45:25","guid":{"rendered":"https:\/\/bauhaus-center.com\/?page_id=3587"},"modified":"2020-12-17T00:24:42","modified_gmt":"2020-12-16T22:24:42","slug":"bauhaus-in-israel","status":"publish","type":"page","link":"https:\/\/bauhaus-center.com\/de\/bauhaus-in-israel\/","title":{"rendered":"Was ist Bauhaus?"},"content":{"rendered":"<section class=\"wpb-content-wrapper\"><p>[vc_row][vc_column][vc_custom_heading text=&#8220;Was ist Bauhaus?&#8220; font_container=&#8220;tag:h1|font_size:32px|text_align:left|line_height:2em&#8220; google_fonts=&#8220;font_family:Raleway%3A100%2C200%2C300%2Cregular%2C500%2C600%2C700%2C800%2C900|font_style:400%20regular%3A400%3Anormal&#8220;][\/vc_column][\/vc_row][vc_row][vc_column width=&#8220;3\/4&#8243;][vc_row_inner][vc_column_inner width=&#8220;2\/3&#8243;][vc_custom_heading text=&#8220;Die Bauhaus Schule in Deutschland&#8220; font_container=&#8220;tag:h2|font_size:24px|text_align:left|line_height:2em&#8220; google_fonts=&#8220;font_family:Raleway%3A100%2C200%2C300%2Cregular%2C500%2C600%2C700%2C800%2C900|font_style:400%20regular%3A400%3Anormal&#8220;][vc_column_text]<strong>Das Bauhaus war eine Schule in Deutschland, die sich von 1919 bis 1933 der Kunst, der Architektur und dem Design widmete.<\/strong><\/p>\n<p>Das Bauhaus wurde im Jahre 1919 von Walter Gropius in Weimar gegr\u00fcndet. Die Zeit nach dem Ersten Weltkrieg war in Europa und insbesondere in Deutschland durch grosse politische und soziale Ver\u00e4nderungen gepr\u00e4gt. Walter Gropius, der Zeit seines Lebens unter den traumatischen Erlebnissen des Ersten Weltkrieges litt, war gewillt am Aufbau einer besseren Zukunft teilzunehmen.<\/p>\n<p>Mit der Gr\u00fcndung des Bauhauses sollten Kunst- und Architekturschulung revolutioniert werden. Er schuf eine &#8222;klassenlose&#8220; Akademie, an der statt &#8222;Professoren&#8220; sogenannte &#8222;Meister&#8220; lehrten. Gropius&#8216; Charisma ist es zu verdanken, dass er bekannte Zeitgenossen f\u00fcr seine Schule gewinnen konnte. Unter ihnen: Josef Albers, Hermann Bayer, Max Bill, Marcel Breuer, Johannes Itten, Wassily Kandinsky, Paul Klee, Hannes Meyer, Laszlo Moholy-Nagy, Ludwig Mies van der Rohe, Gunta St\u00f6lzl, etc.[\/vc_column_text][\/vc_column_inner][vc_column_inner width=&#8220;1\/3&#8243;][vc_single_image image=&#8220;3167&#8243; img_size=&#8220;full&#8220; add_caption=&#8220;yes&#8220; alignment=&#8220;right&#8220;][\/vc_column_inner][\/vc_row_inner][vc_column_text]Als p\u00e4dagogische Neuheit f\u00fchrte die Schule den heute an den meisten Kunstausbildungsst\u00e4tten bekannten &#8222;Vorkurs&#8220; ein. In diesem Kurs werden die Studenten mit den verschiedensten Materialien bekannt gemacht und lernen den unformalen Umgang mit ihnen. Erst danach beginnen die Sch\u00fcler mit der eigentlichen Ausbildung. Am Bauhaus gab es Ausbildungsg\u00e4nge f\u00fcr Architektur, Buchbinderei, Graphik und Werbung, Malerei, Metall, M\u00f6bel, Malerei, Skulptur, Theater, T\u00f6pferei und Wandmalei. Diese beinhalteten auch Photographie, Tanz, Typographie etc.<\/p>\n<p>In den nur 14 Jahren des Bestehens des Bauhaus durchlief es unterschiedliche Entwicklungen. In den Jahren der Weimarer Zeit war die Ausrichtung eher kunsthandwerklich gepr\u00e4gt, sp\u00e4ter, nach dem Umzug nach Dessau 1926, wurde das Hauptgewicht auf die industrielle Produktion von Produkten verlagert (\u00abKunst und Technik eine Einheit\u00bb), erst ab 1927 kam Architektur als Lehrfach hinzu.<\/p>\n<p>Der Name &#8222;Bauhaus&#8220; stammt von der mittelalterlichen &#8222;Bauh\u00fctte&#8220; ab. Die Bauh\u00fctten standen jeweils neben den sich im Bau befindlichen Kathedralen und boten den am Bau beteiligten Handwerkern, ein gemeinsames Dach: Steinmetze, Maler, Schreiner, Schlosser etc. arbeiteten hier Seite an Seite am entstehenden &#8222;Gesamtkunstwerk&#8220;, der Kathedrale. Gropius sah in seiner Kunstschule eine Aussbildungsst\u00e4tte f\u00fcr K\u00fcnstler aller Richtungen, welche durch ihre Arbeiten am &#8222;Gesamtkunstwerk&#8220; Architektur teilnehmen.<\/p>\n<p>Als Architekt hatte Walter Gropius schon vor der Gr\u00fcndung des Bauhaus die M\u00f6glichkeit moderne H\u00e4user zu bauen. Eine Abteilung f\u00fcr Architektur am Bauhaus wurde unter der Leitung von Hannes Meyer erst im Jahre 1927 in Dessau er\u00f6ffnet. Meyer wirkte zwischen 1928-1930 als zweiter Direktor am Bauhaus. In dieser Zeit war die Schule politischer, als in den ersten Jahren, der Sozialist Meyer propagierte die Idee \u00abVolksbedarf statt Luxusbedarf\u00bb.\u00a0 Unter Druck der Beh\u00f6rden verliess Meyer das Bauhaus 1930, um sich in der Sowjetunion am Aufbau des Sozialismus zu beteiligen. Mit ihm \u00fcbersiedelte eine ganze Reihe weiterer &#8222;Bauh\u00e4usler&#8220; in die Sowjetunion, man nannte diese Gruppe die Bauhaus-Brigade &#8222;Rot Front&#8220;. Das &#8222;industrial design&#8220; war unter Meyer erfolgreich und brachte auch finanzielle Zusch\u00fcsse. Als letzter Direktor leitete Ludwig Mies van der Rohe von 1930-1933 das Bauhaus. Er straffte das Ausbildungskonzept auf 6 Semester und sah in der Ausbildung von Architekten die zentrale Aufgabe der Schule. Unter dem politischem Druck der nationalsozialistischen Regierung in Dessau wurde die Schule im Jahre 1932 geschlossen, um danach noch einige Monate in Berlin zu wirken. Im Jahre 1933 wurde das Bauhaus unter Ludwig Mies van der Rohe aus politischen und wirtschaftlichen Gr\u00fcnden endg\u00fcltig geschlossen.<\/p>\n<p>Sowohl in den USA, wie auch nach dem Krieg wieder in Deutschland, gab es verschiedene Schulen, die sich als Folgeinstitutionen des &#8222;legend\u00e4ren&#8220; Bauhaus gesehen haben.<\/p>\n<p>Zum 100. Jubil\u00e4um des Bauhauses (2019) wurden an den ehemaligen Standorten in Weimar, Dessau und Berlin drei neue Bauhaus Museen er\u00f6ffnet. <a href=\"https:\/\/bauhaus-center.com\/de\/uber-uns\/\">Das Bauhaus Center Tel Aviv wurde im Jahre 2000 gegr\u00fcndet<\/a>.[\/vc_column_text][vc_custom_heading text=&#8220;Bauhaus in Israel&#8220; font_container=&#8220;tag:h2|font_size:24px|text_align:left|line_height:2em&#8220; google_fonts=&#8220;font_family:Raleway%3A100%2C200%2C300%2Cregular%2C500%2C600%2C700%2C800%2C900|font_style:400%20regular%3A400%3Anormal&#8220;][vc_row_inner][vc_column_inner width=&#8220;2\/3&#8243;][vc_column_text]<strong>Sechs israelische Architekten studierten an der Bauhausschule: Shlomo Bernstein, Munio Gitai (Weinraub), Edgar Hed (Hecht), Shmuel Mestechkin, Chanan Frenkel und Arieh Sharon. Philip H\u00fctt, ein siebter Architekt, hat wahrscheinlich ebenfalls Kurse an der Bauhausschule in Weimar besucht. <\/strong><\/p>\n<p>Es gab \u00fcberdies noch eine Reihe von K\u00fcnstlern und K\u00fcnstlerinnen, die am Bauhaus studiert haben und dann nach Israel gekommen sind, hier aber nicht im Bereich der Architektur t\u00e4tig waren.<\/p>\n<p>In Israel spricht man vom &#8222;Bauhaus Stil&#8220; und meint damit ganz allgemein den sogenannten &#8222;International Style&#8220;, &#8222;Modernismus&#8220; oder das &#8222;Neue Bauen&#8220;.[\/vc_column_text][\/vc_column_inner][vc_column_inner width=&#8220;1\/3&#8243;][vc_single_image image=&#8220;3168&#8243; img_size=&#8220;full&#8220; add_caption=&#8220;yes&#8220;][\/vc_column_inner][\/vc_row_inner][vc_column_text]Durch die Flucht und Ausweisung der Juden aus Deutschland und Oesterreich in den 1930er Jahren, kamen in dieser Zeit viele Neueinwanderer ins damalige britische Mandatsgebiet Pal\u00e4stina. Aus diesem Grund gibt es hier \u2013 auch im internationalen Vergleich, eine besonders grosse Anzahl von modernistischen Geb\u00e4uden im damals modernen &#8222;International Style&#8220; oder eben &#8222;Bauhaus Stil&#8220;. Die gr\u00f6sste Ansammlung davon gibt es in der &#8222;Weissen Stadt&#8220; von Tel Aviv welche deshalb im Jahre 2003 zum UNESCO-Weltkulturerbe ernannt wurde. Es gibt auch in den meisten anderen St\u00e4dte des Landes, in den Siedlungen \u2013 Kibbutzim und Moschavim, wie auch in den arabischen St\u00e4dten und Siedlungen &#8222;Bauhaus&#8220; Geb\u00e4ude.[\/vc_column_text][\/vc_column][vc_column width=&#8220;1\/4&#8243;][vc_widget_sidebar sidebar_id=&#8220;page-right&#8220;][\/vc_column][\/vc_row]<\/p>\n<\/section>","protected":false},"excerpt":{"rendered":"<p>[vc_row][vc_column][vc_custom_heading text=&#8220;Was ist Bauhaus?&#8220; font_container=&#8220;tag:h1|font_size:32px|text_align:left|line_height:2em&#8220; google_fonts=&#8220;font_family:Raleway%3A100%2C200%2C300%2Cregular%2C500%2C600%2C700%2C800%2C900|font_style:400%20regular%3A400%3Anormal&#8220;][\/vc_column][\/vc_row][vc_row][vc_column width=&#8220;3\/4&#8243;][vc_row_inner][vc_column_inner width=&#8220;2\/3&#8243;][vc_custom_heading text=&#8220;Die Bauhaus Schule in Deutschland&#8220; font_container=&#8220;tag:h2|font_size:24px|text_align:left|line_height:2em&#8220; google_fonts=&#8220;font_family:Raleway%3A100%2C200%2C300%2Cregular%2C500%2C600%2C700%2C800%2C900|font_style:400%20regular%3A400%3Anormal&#8220;][vc_column_text]Das Bauhaus war eine Schule in&#8230;<\/p>\n","protected":false},"author":1,"featured_media":0,"parent":0,"menu_order":0,"comment_status":"closed","ping_status":"closed","template":"","meta":{"footnotes":""},"class_list":["post-3587","page","type-page","status-publish","hentry"],"aioseo_notices":[],"_links":{"self":[{"href":"https:\/\/bauhaus-center.com\/de\/wp-json\/wp\/v2\/pages\/3587","targetHints":{"allow":["GET"]}}],"collection":[{"href":"https:\/\/bauhaus-center.com\/de\/wp-json\/wp\/v2\/pages"}],"about":[{"href":"https:\/\/bauhaus-center.com\/de\/wp-json\/wp\/v2\/types\/page"}],"author":[{"embeddable":true,"href":"https:\/\/bauhaus-center.com\/de\/wp-json\/wp\/v2\/users\/1"}],"replies":[{"embeddable":true,"href":"https:\/\/bauhaus-center.com\/de\/wp-json\/wp\/v2\/comments?post=3587"}],"version-history":[{"count":13,"href":"https:\/\/bauhaus-center.com\/de\/wp-json\/wp\/v2\/pages\/3587\/revisions"}],"predecessor-version":[{"id":4686,"href":"https:\/\/bauhaus-center.com\/de\/wp-json\/wp\/v2\/pages\/3587\/revisions\/4686"}],"wp:attachment":[{"href":"https:\/\/bauhaus-center.com\/de\/wp-json\/wp\/v2\/media?parent=3587"}],"curies":[{"name":"wp","href":"https:\/\/api.w.org\/{rel}","templated":true}]}}