{"id":3832,"date":"2020-01-24T12:26:11","date_gmt":"2020-01-24T10:26:11","guid":{"rendered":"https:\/\/bauhaus-center.com\/bauhaus-in-tel-aviv-die-fakten\/"},"modified":"2020-12-17T00:28:39","modified_gmt":"2020-12-16T22:28:39","slug":"bauhaus-in-tel-aviv","status":"publish","type":"page","link":"https:\/\/bauhaus-center.com\/de\/bauhaus-in-tel-aviv\/","title":{"rendered":"Bauhaus in Tel Aviv &#8211; Antworten auf die wichtigsten Fragen"},"content":{"rendered":"<section class=\"wpb-content-wrapper\"><p>[vc_row][vc_column width=&#8220;3\/4&#8243;][vc_custom_heading text=&#8220;Bauhaus in Tel Aviv &#8211; Antworten auf die wichtigsten Fragen&#8220; font_container=&#8220;tag:h1|font_size:36|text_align:left|line_height:1.2em&#8220; google_fonts=&#8220;font_family:Raleway%3A100%2C200%2C300%2Cregular%2C500%2C600%2C700%2C800%2C900|font_style:400%20regular%3A400%3Anormal&#8220; css=&#8220;.vc_custom_1579861755797{margin-bottom: 16px !important;}&#8220;][vc_column_text]<strong>Was hat es in sich mit Bauhaus in Tel Aviv? Wo finde ich Bauhaus-Architektur in Tel Aviv? Und was steckt wirklich hinter dem Begriff &#8222;Bauhaus&#8220;? Hier finden Sie wesentliche Fakten und alle wichtigen Informationen, um die &#8218;Weisse Stadt&#8216; zu erkunden.<\/strong>[\/vc_column_text][vc_custom_heading text=&#8220;Wo finde ich Bauhaus in Tel Aviv?&#8220; font_container=&#8220;tag:h2|font_size:24px|text_align:left|line_height:1.2em&#8220; google_fonts=&#8220;font_family:Raleway%3A100%2C200%2C300%2Cregular%2C500%2C600%2C700%2C800%2C900|font_style:400%20regular%3A400%3Anormal&#8220; css=&#8220;.vc_custom_1579208176278{margin-bottom: 8px !important;}&#8220;][vc_column_text]Tel Aviv ist die einzigartige &#8222;Welthauptstadt&#8220; der Bauhausbauten. Bauhaus Architektur und Design ist heute auf der ganzen Welt zu finden, sei es in Form von Bauhaus-M\u00f6beln oder als Bauhaus-beeinflusste Gem\u00e4lde und Drucke. Aber die Anzahl und Qualit\u00e4t der Bauhausbauten in der &#8222;Weissen Stadt&#8220; von Tel Aviv ist einmalig.<\/p>\n<p>[\/vc_column_text][vc_custom_heading text=&#8220;Was ist die &#8222;Weisse Stadt&#8222; Tel Aviv?&#8220; font_container=&#8220;tag:h2|font_size:24px|text_align:left|line_height:1.2em&#8220; google_fonts=&#8220;font_family:Raleway%3A100%2C200%2C300%2Cregular%2C500%2C600%2C700%2C800%2C900|font_style:400%20regular%3A400%3Anormal&#8220; css=&#8220;.vc_custom_1579861785128{margin-bottom: 8px !important;}&#8220;][vc_row_inner][vc_column_inner width=&#8220;1\/2&#8243;][vc_column_text]Die &#8222;Wei\u00dfe Stadt&#8220; Tel Aviv umfasst ca. 4000 Geb\u00e4ude im Bauhaus Stil, wovon ca. 2000 unter Denkmalschutz stehen. Dieser Stadtteil von Tel Aviv wurde vor allem f\u00fcr die grosse Einwanderungswelle in den 1930er Jahren errichtet, welche vorwiegend deutsche und europ\u00e4ische Juden auf der Flucht vor dem europ\u00e4ischen Faschismus und dem deutschen Nationalsozialismus ins damalige Pal\u00e4stina brachte.\u00a0Die Architekten der &#8222;Weissen Stadt&#8220; waren stark von den grossen Meistern der Moderne (Bauhaus) beeinflusst, unter ihnen Walter Gropius, Hannes Meyer, Mies van der Rohe, Le Corbusier, Erich Mendelsohn usw.[\/vc_column_text][\/vc_column_inner][vc_column_inner width=&#8220;1\/2&#8243;][vc_single_image image=&#8220;3702&#8243; img_size=&#8220;full&#8220; css=&#8220;.vc_custom_1579208258296{margin-top: 8px !important;}&#8220;][\/vc_column_inner][\/vc_row_inner][vc_column_text]Das Bauhaus-Weltkulturerbe &#8222;Weisse Stadt Tel Aviv&#8220; erleben Sie am besten im Rahmen einer <a href=\"https:\/\/bauhaus-center.com\/de\/fuhrungen-tel-aviv\/\">Stadtf\u00fchrung des Bauhaus Centers (deutsche F\u00fchrungen und Audioguides verf\u00fcgbar)<\/a>. Die F\u00fchrung beginnt mit einem kurzen Einf\u00fchrungsfilm und beinhaltet eine informatives Stadtkarte. Nehmen Sie an der w\u00f6chentlichen Bauhaus Tour teil (jeden Freitag) oder entdecken Sie die Stadt mit einem Audioguide, den Sie w\u00e4hrend der regul\u00e4ren \u00d6ffnungszeiten im Bauhaus Center abholen k\u00f6nnen.[\/vc_column_text][vc_custom_heading text=&#8220;Wo kann ich Bauhaus in Tel Aviv sehen und erleben?&#8220; font_container=&#8220;tag:h2|font_size:24px|text_align:left|line_height:1.2em&#8220; google_fonts=&#8220;font_family:Raleway%3A100%2C200%2C300%2Cregular%2C500%2C600%2C700%2C800%2C900|font_style:400%20regular%3A400%3Anormal&#8220; css=&#8220;.vc_custom_1579208230379{margin-bottom: 8px !important;}&#8220;][vc_row_inner][vc_column_inner width=&#8220;1\/2&#8243;][vc_column_text]Auf dem Rundgang durch die &#8222;Weisse Stadt&#8220; erkl\u00e4ren unsere Guides die Grundlagen der lokalen Moderne und er\u00f6rtern die historischen, geographischen, sozialen und architektonischen Gegebenheiten, welche zum Bau der &#8222;Weissen Stadt&#8220; gef\u00fchrt haben.<\/p>\n<p>Auf unserer \u201e<a href=\"https:\/\/bauhaus-center.com\/book-shop\/city-map-tel-aviv\/tel-aviv-bauhaus-map-white-city-tour\/\">Tel Aviv Bauhaus Preservation Map (Englisch)<\/a>\u201c sind die erhaltenen Bauhaus-Geb\u00e4ude verzeichnet. Die einzigartigen Perlen der Stadt sind mit diesem ausgekl\u00fcgelten Stadtplan einfach aufzufinden und zu entdecken.[\/vc_column_text][\/vc_column_inner][vc_column_inner width=&#8220;1\/2&#8243;][vc_single_image image=&#8220;3699&#8243; img_size=&#8220;full&#8220; css=&#8220;.vc_custom_1579208265760{margin-top: 8px !important;}&#8220;][\/vc_column_inner][\/vc_row_inner][vc_column_text]Tel Aviv ist eine sehr dynamische Stadt, die sich in dauernder Ver\u00e4nderung befindet. Nur wenige originale Bauhaus-Interieurs sind deshalb in ihrer originalen Form erhalten geblieben. Aber ein Blick in die G\u00e4rten und in die Treppenh\u00e4user lohnt sich oft. Unsere Publikation &#8222;<a href=\"https:\/\/bauhaus-center.com\/book-shop\/books\/publisher-bauhaus-center\/between-the-private-and-public-domains-in-bauhaus-and-international-style-buildings-in-tel-aviv\/\">Between the Private and the Public Domains<\/a>&#8220; befasst sich mit eben diesem Bereich zwischen dem privaten und \u00f6ffentlichen Raum der Stadt und bietet interessante Einblicke und weiterf\u00fchrende Informationen dazu.<\/p>\n<p>Wenn Sie das Bauhaus-Center in der Dizengoffstrasse 77 besuchen, sind Sie wenige Schritte vom Dizengoff-Platz entfernt. Dieser &#8222;Bauhausplatz&#8220; wurde 1934 von der jungen Architektin Genia Averbouch geplant und gilt seitdem als das &#8222;Herz&#8220; der Weissen Stadt.<\/p>\n<p>Die Renovierung und Wiederbelebung der lokalen Bauhaus-Architektur ist von grossem \u00f6ffentlichem Interesse. Dieses Thema ist auch Teil unserer F\u00fchrungen und wird ausserdem in unserer Bestseller-Publikation &#8222;<a href=\"https:\/\/bauhaus-center.com\/book-shop\/books\/publisher-bauhaus-center\/preservation-and-renewal-bauhaus-and-international-style-buildings-in-tel-aviv\/\">Preservation and Renewal: Bauhaus and International Style Buildings in Tel Aviv (Englisch\/Hebr\u00e4isch)<\/a>&#8220; behandelt.[\/vc_column_text][vc_custom_heading text=&#8220;Gibt es ein Bauhaus-Museum in Tel Aviv?&#8220; font_container=&#8220;tag:h2|font_size:24px|text_align:left|line_height:1.2em&#8220; google_fonts=&#8220;font_family:Raleway%3A100%2C200%2C300%2Cregular%2C500%2C600%2C700%2C800%2C900|font_style:400%20regular%3A400%3Anormal&#8220; css=&#8220;.vc_custom_1579208283866{margin-bottom: 8px !important;}&#8220;][vc_row_inner][vc_column_inner width=&#8220;1\/2&#8243;][vc_column_text]Die <a href=\"https:\/\/bauhaus-center.com\/de\/bauhaus-center-galerie-tel-aviv\/\"><strong>Galerie des Bauhaus Centers<\/strong><\/a> zeigt wechselnde Ausstellungen zu Architektur, Tel Aviv, Kunst und Design. Die Buchhandlung des Bauhaus Centers bietet das umfangreichste Angebot an B\u00fcchern mit Bezug zum Bauhaus in Tel Aviv. Das Sortiment umfasst Poster, Ansichtskarten, Design und Kunsthandwerk.<\/p>\n<p>Das <strong>Bauhaus-Museum an der Bialik-Strasse<\/strong> 21 besteht aus einem Showroom mit M\u00f6beln im Bauhaus-Stil f\u00fcr Besucher, die sich f\u00fcr modernistisches Interieur interessieren. Die pr\u00e4sentierten St\u00fccke sind nicht aus lokaler Produktion. Freier Eintritt, begrenzte \u00d6ffnungszeiten (ab Jan 2020: Mi 11-17 und Fr 10-14 Uhr).[\/vc_column_text][\/vc_column_inner][vc_column_inner width=&#8220;1\/2&#8243;][vc_single_image image=&#8220;3687&#8243; img_size=&#8220;full&#8220; css=&#8220;.vc_custom_1579208310069{margin-top: 8px !important;}&#8220;][\/vc_column_inner][\/vc_row_inner][vc_column_text]<strong>Das Liebling House<\/strong> in der Bialik Strasse 29 wurde in Zusammenarbeit und mit Unterst\u00fctzung der deutschen Regierung eingerichtet, um die Vermittlung von Know-how im Zusammenhang mit Renovierungsaufgaben zu erm\u00f6glichen. Dar\u00fcber hinaus beherbergt das Geb\u00e4ude eine K\u00fcnstlerresidenz und einige Ausstellungsr\u00e4ume. Ausserdem sind p\u00e4dagogische Gemeinschaftswerkst\u00e4tten geplant. \u00d6ffentlicher Zutritt, freier Eintritt, t\u00e4glich von 10-19 Uhr ge\u00f6ffnet.[\/vc_column_text][vc_custom_heading text=&#8220;Wie kann ich in einem Bauhausgeb\u00e4ude wohnen?&#8220; font_container=&#8220;tag:h2|font_size:24px|text_align:left|line_height:1.2em&#8220; google_fonts=&#8220;font_family:Raleway%3A100%2C200%2C300%2Cregular%2C500%2C600%2C700%2C800%2C900|font_style:400%20regular%3A400%3Anormal&#8220; css=&#8220;.vc_custom_1579208324582{margin-bottom: 8px !important;}&#8220;][vc_column_text]Viele Besucher m\u00f6chten bei einem Aufenthalt in der Weissen Stadt Bauhaus &#8222;hautnah&#8220; erleben. Wir haben f\u00fcr Reisende und Touristen eine Liste mit <a href=\"https:\/\/bauhaus-center.com\/de\/bauhaus-hotels-tel-aviv\/\">empfohlenen Bauhaus-Hotels\u00a0in Tel Aviv<\/a> zusammengestellt, welche diese besondere Erfahrung erm\u00f6glichen.[\/vc_column_text][vc_custom_heading text=&#8220;Warum sollte ich das Bauhaus Center in Tel Aviv besuchen?&#8220; font_container=&#8220;tag:h2|font_size:24px|text_align:left|line_height:1.2em&#8220; google_fonts=&#8220;font_family:Raleway%3A100%2C200%2C300%2Cregular%2C500%2C600%2C700%2C800%2C900|font_style:400%20regular%3A400%3Anormal&#8220; css=&#8220;.vc_custom_1579208338816{margin-bottom: 8px !important;}&#8220;][vc_row_inner][vc_column_inner width=&#8220;1\/2&#8243;][vc_column_text]Unser zentral gelegenes Bauhaus Center erm\u00f6glicht es Ihnen, einen umfassenden Eindruck \u00fcber Geb\u00e4ude, Design und Kunst des Bauhaus in Tel Aviv zu erhalten und bietet Einblicke in den Umgang der Einheimischen mit den Sch\u00e4tzen des Bauhaus. Unsere <a href=\"https:\/\/bauhaus-center.com\/de\/bauhaus-center-galerie-tel-aviv\/\">Ausstellungen im Bauhaus Center<\/a> (freier Eintritt) spiegeln unterschiedliche Sichtweisen auf das Bauhaus-Erbe wider.<\/p>\n<p>In unserem Souvenir- und Buchladen finden Sie Souvenirs und Designobjekte aus dem Bauhaus Center Tel Aviv.[\/vc_column_text][\/vc_column_inner][vc_column_inner width=&#8220;1\/2&#8243;][vc_single_image image=&#8220;3705&#8243; img_size=&#8220;full&#8220; css=&#8220;.vc_custom_1579208348874{margin-top: 8px !important;}&#8220;][\/vc_column_inner][\/vc_row_inner][vc_column_text]Erfahren Sie mehr \u00fcber das Bauhaus Center und seine Geschichte in diesem <a href=\"https:\/\/bauhaus-center.com\/de\/micha-gross\/\">Interview mit dem Gr\u00fcnder Dr. Micha Gross (englisch)<\/a> und auf unserer <a href=\"https:\/\/bauhaus-center.com\/de\/uber-uns\/\">\u00dcber uns Seite<\/a>.[\/vc_column_text][\/vc_column][vc_column width=&#8220;1\/4&#8243; css=&#8220;.vc_custom_1579094323725{padding-top: 20px !important;}&#8220;][vc_widget_sidebar sidebar_id=&#8220;page-right&#8220;][\/vc_column][\/vc_row]<\/p>\n<\/section>","protected":false},"excerpt":{"rendered":"<p>Wo finde ich Bauhaus-Architektur in Tel Aviv? Was hat es in sich mit Bauhaus in Tel Aviv? Alle wichtigen Informationen zu Bauhaus in Tel Aviv und Tel Aviv&#8217;s &#8218;Weisser Stadt&#8216;.<\/p>\n","protected":false},"author":1,"featured_media":3805,"parent":0,"menu_order":0,"comment_status":"closed","ping_status":"closed","template":"","meta":{"footnotes":""},"class_list":["post-3832","page","type-page","status-publish","has-post-thumbnail","hentry"],"aioseo_notices":[],"_links":{"self":[{"href":"https:\/\/bauhaus-center.com\/de\/wp-json\/wp\/v2\/pages\/3832","targetHints":{"allow":["GET"]}}],"collection":[{"href":"https:\/\/bauhaus-center.com\/de\/wp-json\/wp\/v2\/pages"}],"about":[{"href":"https:\/\/bauhaus-center.com\/de\/wp-json\/wp\/v2\/types\/page"}],"author":[{"embeddable":true,"href":"https:\/\/bauhaus-center.com\/de\/wp-json\/wp\/v2\/users\/1"}],"replies":[{"embeddable":true,"href":"https:\/\/bauhaus-center.com\/de\/wp-json\/wp\/v2\/comments?post=3832"}],"version-history":[{"count":16,"href":"https:\/\/bauhaus-center.com\/de\/wp-json\/wp\/v2\/pages\/3832\/revisions"}],"predecessor-version":[{"id":4688,"href":"https:\/\/bauhaus-center.com\/de\/wp-json\/wp\/v2\/pages\/3832\/revisions\/4688"}],"wp:featuredmedia":[{"embeddable":true,"href":"https:\/\/bauhaus-center.com\/de\/wp-json\/wp\/v2\/media\/3805"}],"wp:attachment":[{"href":"https:\/\/bauhaus-center.com\/de\/wp-json\/wp\/v2\/media?parent=3832"}],"curies":[{"name":"wp","href":"https:\/\/api.w.org\/{rel}","templated":true}]}}