{"id":4100,"date":"2020-08-13T09:52:03","date_gmt":"2020-08-13T07:52:03","guid":{"rendered":"https:\/\/bauhaus-center.com\/datenschutz-und-datensicherheit\/"},"modified":"2020-08-13T10:13:17","modified_gmt":"2020-08-13T08:13:17","slug":"datenschutz-und-datensicherheit","status":"publish","type":"page","link":"https:\/\/bauhaus-center.com\/de\/datenschutz-und-datensicherheit\/","title":{"rendered":"Datenschutz- und Datensicherheit"},"content":{"rendered":"<h2>Wer wir sind <\/h2>\n<p>Das Bauhaus Center Tel Aviv befindet sich in der Dizengoff Street 77 in Tel Aviv und verf\u00fcgt \u00fcber einen Bauhaus Shop &amp; <a title=\"Bauhaus Center Galerie Tel Aviv\" href=\"https:\/\/bauhaus-center.com\/de\/bauhaus-center-galerie-tel-aviv\/\"> mit einer st\u00e4ndigen Sammlung und wechselnden Ausstellungen <\/a>, wir f\u00fchren regelm\u00e4ssige <a href=\"&quot;\/?page_id=206\"> durch &#8222;title =&#8220; Tel Aviv Bauhaus Tours &#8222;&gt; Stadtrundfahrten <\/a> durch und sind ein <a href=\"https:\/\/bauhaus-center.com\/product-category\/books\/\/publisher-bauhaus-center\"> Verlag, der sich dem Thema Bauhaus widmet <\/a>. Das Zentrum arbeitet mit dem israelischen Komitee f\u00fcr die UNESCO und der Gemeinde Tel Aviv-Yafo sowie mit verschiedenen Institutionen, Museen und Galerien zusammen. Unsere Website-Adresse lautet https:\/\/bauhaus-center.com (f\u00fcr Deutsch: <a href=\"https:\/\/bauhaus-center.com\/de\/\">https:\/\/bauhaus-center.com\/de\/<\/a><\/h2>\n<h3>Gesicherte Kommunikation mit HTTPS<\/h3>\n<p>Die gesamte Kommunikation Ihres Browsers mit dieser Website wird verschl\u00fcsselt und mit dem HTTPS-Protokoll gesichert.<\/h3>\n<h3>Welche personenbezogenen Daten erfassen wir und warum erfassen wir sie?<\/h3>\n<p>Diese Website verwendet Cookies, um den Datenverkehr zu analysieren, den Inhalt und die Struktur der Website zu verbessern und die bestm\u00f6gliche Benutzererfahrung zu bieten.<\/h3>\n<h3>Online-Shop<\/h3>\n<p>Beim Kauf in unserem <a title=\"Bauhaus Shop\" href=\"https:\/\/bauhaus-center.com\/book-shop\/\"> Online-Shop <\/a> speichern wir die von Ihnen angegebenen Informationen in unserer Datenbank um Ihre Bestellung zu bearbeiten.<\/h3>\n<p>Wir akzeptieren Zahlungen \u00fcber PayPal. In unserer Datenbank werden keine Informationen zu Ihrer Kreditkarte oder anderen Finanzinformationen gespeichert. Bei der Verarbeitung von Zahlungen werden einige Ihrer Daten an PayPal weitergeleitet, einschlie\u00dflich Informationen, die zur Verarbeitung oder Unterst\u00fctzung der Zahlung erforderlich sind, z. B. die Kaufsumme und die Rechnungsinformationen.<br \/>\nWeitere Informationen finden Sie in der <a href=\"https:\/\/www.paypal.com\/us\/webapps\/mpp\/ua\/privacy-full\"> PayPal-Datenschutzrichtlinie <\/a>.<\/p>\n<p>Wenn Sie sich f\u00fcr die Registrierung entscheiden, k\u00f6nnen Sie jederzeit mit Passwort auf Ihre Informationen zugreifen. Alle registrierten Benutzer k\u00f6nnen ihre pers\u00f6nlichen Daten jederzeit anzeigen, bearbeiten oder l\u00f6schen.<\/p>\n<h3>Analytics<\/h3>\n<p>Wir verwenden den Analytics-Service von Google, um die Nutzung unserer Website zu verstehen, den Inhalt und die Struktur der Website zu optimieren und den Erfolg von Werbung und Suchoptimierung zu messen. Zu diesem Zweck werden Google anonymisierte Tracking-Daten zur Verf\u00fcgung gestellt.<\/h3>\n<h3>Facebook<\/h3>\n<p>Ein Facebook-Cookie hilft, unsere Website mit Fragen und Kommentaren auf unserer Facebook-Seite zu verbinden.<\/h3>\n<h3>Newsletter<\/h3>\n<p>Wir verwenden Mailchimp, um unsere Newsletter zu verwalten und zu versenden. Um von der Mailingliste entfernt zu werden, folgen Sie dem Link zum Abbestellen in der Fu\u00dfzeile unseres Newsletters oder setzen Sie sich <a title=\"Contact &amp; Location\" href=\"https:\/\/bauhaus-center.com\/de\/kontakt-und-adresse\/\"> mit uns in Verbindung <\/a>.<\/h3>\n<h3>Welche Rechte haben Sie an Ihren Daten?<\/h3>\n<p>Wenn Sie ein Konto auf dieser Website haben oder Bewertungen oder Kommentare hinterlassen haben, k\u00f6nnen Sie verlangen, dass wir alle pers\u00f6nlichen Daten l\u00f6schen, die wir \u00fcber Sie gespeichert haben. Dies schlie\u00dft keine Daten ein, die wir zu administrativen, rechtlichen oder Sicherheitszwecken aufbewahren m\u00fcssen.<\/h3>\n<h3>Mit wem wir Ihre Daten teilen<\/h3>\n<p>Es werden niemals personenbezogene Daten an Dritte weitergegeben.<\/h3>\n<h3>F\u00fcr Fragen und Bedenken<\/h3>\n<p>Wenn Sie Bedenken oder Fragen zu diesem Thema haben, wenden Sie sich bitte <a href=\"https:\/\/bauhaus-center.com\/de\/kontakt-und-adresse\/\"> an uns <\/a>.<\/h3>\n","protected":false},"excerpt":{"rendered":"<p>Wer wir sind Das Bauhaus Center Tel Aviv befindet sich in der Dizengoff Street 77 in Tel Aviv und verf\u00fcgt&#8230;<\/p>\n","protected":false},"author":1,"featured_media":4101,"parent":0,"menu_order":0,"comment_status":"closed","ping_status":"closed","template":"","meta":{"footnotes":""},"class_list":["post-4100","page","type-page","status-publish","has-post-thumbnail","hentry"],"aioseo_notices":[],"_links":{"self":[{"href":"https:\/\/bauhaus-center.com\/de\/wp-json\/wp\/v2\/pages\/4100","targetHints":{"allow":["GET"]}}],"collection":[{"href":"https:\/\/bauhaus-center.com\/de\/wp-json\/wp\/v2\/pages"}],"about":[{"href":"https:\/\/bauhaus-center.com\/de\/wp-json\/wp\/v2\/types\/page"}],"author":[{"embeddable":true,"href":"https:\/\/bauhaus-center.com\/de\/wp-json\/wp\/v2\/users\/1"}],"replies":[{"embeddable":true,"href":"https:\/\/bauhaus-center.com\/de\/wp-json\/wp\/v2\/comments?post=4100"}],"version-history":[{"count":3,"href":"https:\/\/bauhaus-center.com\/de\/wp-json\/wp\/v2\/pages\/4100\/revisions"}],"predecessor-version":[{"id":4110,"href":"https:\/\/bauhaus-center.com\/de\/wp-json\/wp\/v2\/pages\/4100\/revisions\/4110"}],"wp:featuredmedia":[{"embeddable":true,"href":"https:\/\/bauhaus-center.com\/de\/wp-json\/wp\/v2\/media\/4101"}],"wp:attachment":[{"href":"https:\/\/bauhaus-center.com\/de\/wp-json\/wp\/v2\/media?parent=4100"}],"curies":[{"name":"wp","href":"https:\/\/api.w.org\/{rel}","templated":true}]}}